{"id":714,"date":"2020-04-18T21:02:08","date_gmt":"2020-04-18T19:02:08","guid":{"rendered":"http:\/\/www.kunertwellpappe.de\/?page_id=714"},"modified":"2024-10-07T16:21:51","modified_gmt":"2024-10-07T14:21:51","slug":"ueberseeverpackungen","status":"publish","type":"page","link":"https:\/\/www.kunertwellpappe.de\/de\/ueberseeverpackungen\/","title":{"rendered":"\u00dcberseeverpackungen"},"content":{"rendered":"\t\t<div data-elementor-type=\"wp-page\" data-elementor-id=\"714\" class=\"elementor elementor-714\" data-elementor-settings=\"{&quot;element_pack_global_tooltip_width&quot;:{&quot;unit&quot;:&quot;px&quot;,&quot;size&quot;:&quot;&quot;,&quot;sizes&quot;:[]},&quot;element_pack_global_tooltip_width_tablet&quot;:{&quot;unit&quot;:&quot;px&quot;,&quot;size&quot;:&quot;&quot;,&quot;sizes&quot;:[]},&quot;element_pack_global_tooltip_width_mobile&quot;:{&quot;unit&quot;:&quot;px&quot;,&quot;size&quot;:&quot;&quot;,&quot;sizes&quot;:[]},&quot;element_pack_global_tooltip_padding&quot;:{&quot;unit&quot;:&quot;px&quot;,&quot;top&quot;:&quot;&quot;,&quot;right&quot;:&quot;&quot;,&quot;bottom&quot;:&quot;&quot;,&quot;left&quot;:&quot;&quot;,&quot;isLinked&quot;:true},&quot;element_pack_global_tooltip_padding_tablet&quot;:{&quot;unit&quot;:&quot;px&quot;,&quot;top&quot;:&quot;&quot;,&quot;right&quot;:&quot;&quot;,&quot;bottom&quot;:&quot;&quot;,&quot;left&quot;:&quot;&quot;,&quot;isLinked&quot;:true},&quot;element_pack_global_tooltip_padding_mobile&quot;:{&quot;unit&quot;:&quot;px&quot;,&quot;top&quot;:&quot;&quot;,&quot;right&quot;:&quot;&quot;,&quot;bottom&quot;:&quot;&quot;,&quot;left&quot;:&quot;&quot;,&quot;isLinked&quot;:true},&quot;element_pack_global_tooltip_border_radius&quot;:{&quot;unit&quot;:&quot;px&quot;,&quot;top&quot;:&quot;&quot;,&quot;right&quot;:&quot;&quot;,&quot;bottom&quot;:&quot;&quot;,&quot;left&quot;:&quot;&quot;,&quot;isLinked&quot;:true},&quot;element_pack_global_tooltip_border_radius_tablet&quot;:{&quot;unit&quot;:&quot;px&quot;,&quot;top&quot;:&quot;&quot;,&quot;right&quot;:&quot;&quot;,&quot;bottom&quot;:&quot;&quot;,&quot;left&quot;:&quot;&quot;,&quot;isLinked&quot;:true},&quot;element_pack_global_tooltip_border_radius_mobile&quot;:{&quot;unit&quot;:&quot;px&quot;,&quot;top&quot;:&quot;&quot;,&quot;right&quot;:&quot;&quot;,&quot;bottom&quot;:&quot;&quot;,&quot;left&quot;:&quot;&quot;,&quot;isLinked&quot;:true}}\" data-elementor-post-type=\"page\">\n\t\t\t\t\t\t<section class=\"elementor-section elementor-top-section elementor-element elementor-element-25787865 elementor-section-stretched elementor-section-full_width elementor-section-height-min-height elementor-section-height-default elementor-section-items-middle\" data-id=\"25787865\" data-element_type=\"section\" data-e-type=\"section\" data-settings=\"{&quot;stretch_section&quot;:&quot;section-stretched&quot;,&quot;background_background&quot;:&quot;slideshow&quot;,&quot;background_slideshow_gallery&quot;:[{&quot;id&quot;:6464,&quot;url&quot;:&quot;https:\\\/\\\/www.kunertwellpappe.de\\\/de\\\/wp-content\\\/uploads\\\/2024\\\/10\\\/300dpi_mgo-media_R6M_4757.jpeg&quot;},{&quot;id&quot;:6466,&quot;url&quot;:&quot;https:\\\/\\\/www.kunertwellpappe.de\\\/de\\\/wp-content\\\/uploads\\\/2024\\\/10\\\/300dpi_mgo-media_R6M_4713.jpeg&quot;}],&quot;background_slideshow_ken_burns&quot;:&quot;yes&quot;,&quot;jet_parallax_layout_list&quot;:[],&quot;background_slideshow_loop&quot;:&quot;yes&quot;,&quot;background_slideshow_slide_duration&quot;:5000,&quot;background_slideshow_slide_transition&quot;:&quot;fade&quot;,&quot;background_slideshow_transition_duration&quot;:500,&quot;background_slideshow_ken_burns_zoom_direction&quot;:&quot;in&quot;}\">\n\t\t\t\t\t\t<div class=\"elementor-container elementor-column-gap-default\">\n\t\t\t\t\t<div class=\"elementor-column elementor-col-100 elementor-top-column elementor-element elementor-element-30ab848a\" data-id=\"30ab848a\" data-element_type=\"column\" data-e-type=\"column\">\n\t\t\t<div class=\"elementor-widget-wrap\">\n\t\t\t\t\t\t\t<\/div>\n\t\t<\/div>\n\t\t\t\t\t<\/div>\n\t\t<\/section>\n\t\t\t\t<section class=\"elementor-section elementor-top-section elementor-element elementor-element-395e82c0 elementor-section-boxed elementor-section-height-default elementor-section-height-default\" data-id=\"395e82c0\" data-element_type=\"section\" data-e-type=\"section\" data-settings=\"{&quot;jet_parallax_layout_list&quot;:[]}\">\n\t\t\t\t\t\t<div class=\"elementor-container elementor-column-gap-default\">\n\t\t\t\t\t<div class=\"elementor-column elementor-col-100 elementor-top-column elementor-element elementor-element-6fc7e189\" data-id=\"6fc7e189\" data-element_type=\"column\" data-e-type=\"column\">\n\t\t\t<div class=\"elementor-widget-wrap elementor-element-populated\">\n\t\t\t\t\t\t<div class=\"elementor-element elementor-element-37af0f3e elementor-widget elementor-widget-heading\" data-id=\"37af0f3e\" data-element_type=\"widget\" data-e-type=\"widget\" data-widget_type=\"heading.default\">\n\t\t\t\t<div class=\"elementor-widget-container\">\n\t\t\t\t\t<h1 class=\"elementor-heading-title elementor-size-default\">\u00dcberseeverpackungen<\/h1>\t\t\t\t<\/div>\n\t\t\t\t<\/div>\n\t\t\t\t<div class=\"elementor-element elementor-element-77ac80ee elementor-widget elementor-widget-heading\" data-id=\"77ac80ee\" data-element_type=\"widget\" data-e-type=\"widget\" data-widget_type=\"heading.default\">\n\t\t\t\t<div class=\"elementor-widget-container\">\n\t\t\t\t\t<h2 class=\"elementor-heading-title elementor-size-default\">Sicherer Schutz f\u00fcr Ihre Transportg\u00fcter<\/h2>\t\t\t\t<\/div>\n\t\t\t\t<\/div>\n\t\t\t\t\t<\/div>\n\t\t<\/div>\n\t\t\t\t\t<\/div>\n\t\t<\/section>\n\t\t\t\t<section class=\"elementor-section elementor-top-section elementor-element elementor-element-3c96dafb elementor-section-boxed elementor-section-height-default elementor-section-height-default\" data-id=\"3c96dafb\" data-element_type=\"section\" data-e-type=\"section\" data-settings=\"{&quot;jet_parallax_layout_list&quot;:[]}\">\n\t\t\t\t\t\t<div class=\"elementor-container elementor-column-gap-default\">\n\t\t\t\t\t<div class=\"elementor-column elementor-col-100 elementor-top-column elementor-element elementor-element-32bb3d7f\" data-id=\"32bb3d7f\" data-element_type=\"column\" data-e-type=\"column\">\n\t\t\t<div class=\"elementor-widget-wrap elementor-element-populated\">\n\t\t\t\t\t\t<section class=\"elementor-section elementor-inner-section elementor-element elementor-element-16bca79c elementor-section-boxed elementor-section-height-default elementor-section-height-default\" data-id=\"16bca79c\" data-element_type=\"section\" data-e-type=\"section\" data-settings=\"{&quot;jet_parallax_layout_list&quot;:[]}\">\n\t\t\t\t\t\t<div class=\"elementor-container elementor-column-gap-default\">\n\t\t\t\t\t<div class=\"elementor-column elementor-col-50 elementor-inner-column elementor-element elementor-element-44bd160\" data-id=\"44bd160\" data-element_type=\"column\" data-e-type=\"column\">\n\t\t\t<div class=\"elementor-widget-wrap elementor-element-populated\">\n\t\t\t\t\t\t<div class=\"elementor-element elementor-element-74e5b995 elementor-widget elementor-widget-text-editor\" data-id=\"74e5b995\" data-element_type=\"widget\" data-e-type=\"widget\" data-widget_type=\"text-editor.default\">\n\t\t\t\t<div class=\"elementor-widget-container\">\n\t\t\t\t\t\t\t\t\t<p>Ob Luft- oder Seefracht \u2013 unsere \u00dcberseeverpackungen garantieren optimalen Schutz f\u00fcr Ihre Waren, unabh\u00e4ngig von den Belastungen w\u00e4hrend des Transports. Speziell auf die Anforderungen von \u00dcberseetransporten zugeschnitten, bieten unsere Verpackungsl\u00f6sungen einen verl\u00e4sslichen Schutz und einfaches Handling.<\/p><p><strong>Individuelle L\u00f6sungen f\u00fcr Ihren \u00dcberseetransport<\/strong><br \/>Wir entwickeln gemeinsam mit Ihnen ma\u00dfgeschneiderte Verpackungen, die exakt auf Ihre Transportanforderungen abgestimmt sind. Bereits bei der Konzeption ber\u00fccksichtigen wir die Abmessungen, das Gewicht und die Empfindlichkeit Ihrer Produkte. Ebenso flie\u00dfen Faktoren wie Stapelbarkeit, Lagerbedingungen und klimatische Einfl\u00fcsse mit in die Planung ein, um sicherzustellen, dass Ihre Waren in bestem Zustand am Ziel ankommen.<\/p><p><strong>Maximaler Schutz f\u00fcr Ihre Produkte<\/strong><br \/>Durch pr\u00e4zise Berechnungen ermitteln wir im Vorfeld die Belastbarkeit Ihrer \u00dcberseeverpackung. So k\u00f6nnen Sie sicher sein, dass Ihre Produkte vor Kondenswasser, Schmutz und anderen Belastungen w\u00e4hrend langer Transportwege optimal gesch\u00fctzt sind. Unsere Verpackungen bieten nicht nur Sicherheit, sondern auch Effizienz \u2013 egal, ob auf dem See- oder Luftweg.<\/p><p><strong>Vertrauen Sie auf Qualit\u00e4t von Kunert Wellpappe<\/strong><br \/>Mit den robusten und langlebigen \u00dcberseeverpackungen von Kunert Wellpappe reisen Ihre Produkte sicher und zuverl\u00e4ssig um die Welt.<\/p>\t\t\t\t\t\t\t\t<\/div>\n\t\t\t\t<\/div>\n\t\t\t\t\t<\/div>\n\t\t<\/div>\n\t\t\t\t<div class=\"elementor-column elementor-col-50 elementor-inner-column elementor-element elementor-element-1ba3f680\" data-id=\"1ba3f680\" data-element_type=\"column\" data-e-type=\"column\" data-settings=\"{&quot;background_background&quot;:&quot;classic&quot;}\">\n\t\t\t<div class=\"elementor-widget-wrap elementor-element-populated\">\n\t\t\t\t\t\t<div class=\"elementor-element elementor-element-1271dbca elementor-invisible elementor-widget elementor-widget-image\" data-id=\"1271dbca\" data-element_type=\"widget\" data-e-type=\"widget\" data-settings=\"{&quot;_animation&quot;:&quot;fadeInUp&quot;}\" data-widget_type=\"image.default\">\n\t\t\t\t<div class=\"elementor-widget-container\">\n\t\t\t\t\t\t\t\t\t\t\t\t\t\t\t<img fetchpriority=\"high\" decoding=\"async\" width=\"500\" height=\"500\" src=\"https:\/\/www.kunertwellpappe.de\/de\/wp-content\/uploads\/2020\/06\/19.png\" class=\"attachment-medium_large size-medium_large wp-image-1064\" alt=\"\" srcset=\"https:\/\/www.kunertwellpappe.de\/de\/wp-content\/uploads\/2020\/06\/19.png 500w, https:\/\/www.kunertwellpappe.de\/de\/wp-content\/uploads\/2020\/06\/19-300x300.png 300w, https:\/\/www.kunertwellpappe.de\/de\/wp-content\/uploads\/2020\/06\/19-150x150.png 150w\" sizes=\"(max-width: 500px) 100vw, 500px\" \/>\t\t\t\t\t\t\t\t\t\t\t\t\t\t\t<\/div>\n\t\t\t\t<\/div>\n\t\t\t\t<div class=\"elementor-element elementor-element-4e79de34 elementor-invisible elementor-widget elementor-widget-image\" data-id=\"4e79de34\" data-element_type=\"widget\" data-e-type=\"widget\" data-settings=\"{&quot;_animation&quot;:&quot;fadeInUp&quot;}\" data-widget_type=\"image.default\">\n\t\t\t\t<div class=\"elementor-widget-container\">\n\t\t\t\t\t\t\t\t\t\t\t\t\t\t\t<img decoding=\"async\" width=\"768\" height=\"512\" src=\"https:\/\/www.kunertwellpappe.de\/de\/wp-content\/uploads\/2024\/10\/300dpi_mgo-media_R6M_4792-768x512.jpeg\" class=\"attachment-medium_large size-medium_large wp-image-6462\" alt=\"\" srcset=\"https:\/\/www.kunertwellpappe.de\/de\/wp-content\/uploads\/2024\/10\/300dpi_mgo-media_R6M_4792-768x512.jpeg 768w, https:\/\/www.kunertwellpappe.de\/de\/wp-content\/uploads\/2024\/10\/300dpi_mgo-media_R6M_4792-300x200.jpeg 300w, https:\/\/www.kunertwellpappe.de\/de\/wp-content\/uploads\/2024\/10\/300dpi_mgo-media_R6M_4792-1024x683.jpeg 1024w, https:\/\/www.kunertwellpappe.de\/de\/wp-content\/uploads\/2024\/10\/300dpi_mgo-media_R6M_4792.jpeg 1200w\" sizes=\"(max-width: 768px) 100vw, 768px\" \/>\t\t\t\t\t\t\t\t\t\t\t\t\t\t\t<\/div>\n\t\t\t\t<\/div>\n\t\t\t\t\t<\/div>\n\t\t<\/div>\n\t\t\t\t\t<\/div>\n\t\t<\/section>\n\t\t\t\t\t<\/div>\n\t\t<\/div>\n\t\t\t\t\t<\/div>\n\t\t<\/section>\n\t\t\t\t<section class=\"elementor-section elementor-top-section elementor-element elementor-element-3c4e3df9 elementor-section-boxed elementor-section-height-default elementor-section-height-default elementor-invisible\" data-id=\"3c4e3df9\" data-element_type=\"section\" data-e-type=\"section\" data-settings=\"{&quot;background_background&quot;:&quot;classic&quot;,&quot;animation&quot;:&quot;fadeInUp&quot;,&quot;jet_parallax_layout_list&quot;:[]}\">\n\t\t\t\t\t\t<div class=\"elementor-container elementor-column-gap-default\">\n\t\t\t\t\t<div class=\"elementor-column elementor-col-50 elementor-top-column elementor-element elementor-element-17e60ff2\" data-id=\"17e60ff2\" data-element_type=\"column\" data-e-type=\"column\" data-settings=\"{&quot;background_background&quot;:&quot;classic&quot;}\">\n\t\t\t<div class=\"elementor-widget-wrap elementor-element-populated\">\n\t\t\t\t\t\t<div class=\"elementor-element elementor-element-7d9a206c elementor-widget elementor-widget-image\" data-id=\"7d9a206c\" data-element_type=\"widget\" data-e-type=\"widget\" data-widget_type=\"image.default\">\n\t\t\t\t<div class=\"elementor-widget-container\">\n\t\t\t\t\t\t\t\t\t\t\t\t\t\t\t<img decoding=\"async\" width=\"768\" height=\"512\" src=\"https:\/\/www.kunertwellpappe.de\/de\/wp-content\/uploads\/2024\/10\/300dpi_mgo-media_R6M_4854-768x512.jpeg\" class=\"attachment-medium_large size-medium_large wp-image-6458\" alt=\"\" srcset=\"https:\/\/www.kunertwellpappe.de\/de\/wp-content\/uploads\/2024\/10\/300dpi_mgo-media_R6M_4854-768x512.jpeg 768w, https:\/\/www.kunertwellpappe.de\/de\/wp-content\/uploads\/2024\/10\/300dpi_mgo-media_R6M_4854-300x200.jpeg 300w, https:\/\/www.kunertwellpappe.de\/de\/wp-content\/uploads\/2024\/10\/300dpi_mgo-media_R6M_4854-1024x683.jpeg 1024w, https:\/\/www.kunertwellpappe.de\/de\/wp-content\/uploads\/2024\/10\/300dpi_mgo-media_R6M_4854.jpeg 1200w\" sizes=\"(max-width: 768px) 100vw, 768px\" \/>\t\t\t\t\t\t\t\t\t\t\t\t\t\t\t<\/div>\n\t\t\t\t<\/div>\n\t\t\t\t\t<\/div>\n\t\t<\/div>\n\t\t\t\t<div class=\"elementor-column elementor-col-50 elementor-top-column elementor-element elementor-element-79a6a9\" data-id=\"79a6a9\" data-element_type=\"column\" data-e-type=\"column\" data-settings=\"{&quot;background_background&quot;:&quot;classic&quot;}\">\n\t\t\t<div class=\"elementor-widget-wrap elementor-element-populated\">\n\t\t\t\t\t\t<div class=\"elementor-element elementor-element-580e3fa0 elementor-widget elementor-widget-heading\" data-id=\"580e3fa0\" data-element_type=\"widget\" data-e-type=\"widget\" data-widget_type=\"heading.default\">\n\t\t\t\t<div class=\"elementor-widget-container\">\n\t\t\t\t\t<h2 class=\"elementor-heading-title elementor-size-default\">Ihre Vorteile<\/h2>\t\t\t\t<\/div>\n\t\t\t\t<\/div>\n\t\t\t\t<div class=\"elementor-element elementor-element-46d893fb elementor-icon-list--layout-traditional elementor-list-item-link-full_width elementor-widget elementor-widget-icon-list\" data-id=\"46d893fb\" data-element_type=\"widget\" data-e-type=\"widget\" data-widget_type=\"icon-list.default\">\n\t\t\t\t<div class=\"elementor-widget-container\">\n\t\t\t\t\t\t\t<ul class=\"elementor-icon-list-items\">\n\t\t\t\t\t\t\t<li class=\"elementor-icon-list-item\">\n\t\t\t\t\t\t\t\t\t\t\t<span class=\"elementor-icon-list-icon\">\n\t\t\t\t\t\t\t<i aria-hidden=\"true\" class=\"fas fa-check\"><\/i>\t\t\t\t\t\t<\/span>\n\t\t\t\t\t\t\t\t\t\t<span class=\"elementor-icon-list-text\">Unsere \u00dcberseeverpackungen sind besonders leicht, um Ihnen Versandkosten zu sparen und das Handling zu erleichtern.<\/span>\n\t\t\t\t\t\t\t\t\t<\/li>\n\t\t\t\t\t\t\t\t<li class=\"elementor-icon-list-item\">\n\t\t\t\t\t\t\t\t\t\t\t<span class=\"elementor-icon-list-icon\">\n\t\t\t\t\t\t\t<i aria-hidden=\"true\" class=\"fas fa-check\"><\/i>\t\t\t\t\t\t<\/span>\n\t\t\t\t\t\t\t\t\t\t<span class=\"elementor-icon-list-text\">Mit unseren \u00dcberseeverpackungen \u00fcberbr\u00fccken Sie auch lange Lagerzeiten.<\/span>\n\t\t\t\t\t\t\t\t\t<\/li>\n\t\t\t\t\t\t\t\t<li class=\"elementor-icon-list-item\">\n\t\t\t\t\t\t\t\t\t\t\t<span class=\"elementor-icon-list-icon\">\n\t\t\t\t\t\t\t<i aria-hidden=\"true\" class=\"fas fa-check\"><\/i>\t\t\t\t\t\t<\/span>\n\t\t\t\t\t\t\t\t\t\t<span class=\"elementor-icon-list-text\">F\u00fcr unsere \u00dcberseeverpackungen gilt: Sie sind stapelbar und gegen jede infrastrukturelle und klimatische Ver\u00e4nderung w\u00e4hrend des Transports unempfindlich.<\/span>\n\t\t\t\t\t\t\t\t\t<\/li>\n\t\t\t\t\t\t<\/ul>\n\t\t\t\t\t\t<\/div>\n\t\t\t\t<\/div>\n\t\t\t\t\t<\/div>\n\t\t<\/div>\n\t\t\t\t\t<\/div>\n\t\t<\/section>\n\t\t\t\t<section class=\"elementor-section elementor-top-section elementor-element elementor-element-5d875082 elementor-section-boxed elementor-section-height-default elementor-section-height-default\" data-id=\"5d875082\" data-element_type=\"section\" data-e-type=\"section\" data-settings=\"{&quot;jet_parallax_layout_list&quot;:[]}\">\n\t\t\t\t\t\t<div class=\"elementor-container elementor-column-gap-default\">\n\t\t\t\t\t<div class=\"elementor-column elementor-col-50 elementor-top-column elementor-element elementor-element-351f897b\" data-id=\"351f897b\" data-element_type=\"column\" data-e-type=\"column\" data-settings=\"{&quot;background_background&quot;:&quot;classic&quot;}\">\n\t\t\t<div class=\"elementor-widget-wrap elementor-element-populated\">\n\t\t\t\t\t\t<div class=\"elementor-element elementor-element-4c952c31 elementor-widget elementor-widget-heading\" data-id=\"4c952c31\" data-element_type=\"widget\" data-e-type=\"widget\" data-widget_type=\"heading.default\">\n\t\t\t\t<div class=\"elementor-widget-container\">\n\t\t\t\t\t<h2 class=\"elementor-heading-title elementor-size-default\">Gib hier deine \u00dcberschrift ein<\/h2>\t\t\t\t<\/div>\n\t\t\t\t<\/div>\n\t\t\t\t<div class=\"elementor-element elementor-element-32161d10 elementor-widget elementor-widget-heading\" data-id=\"32161d10\" data-element_type=\"widget\" data-e-type=\"widget\" data-widget_type=\"heading.default\">\n\t\t\t\t<div class=\"elementor-widget-container\">\n\t\t\t\t\t<h3 class=\"elementor-heading-title elementor-size-default\">individuell f\u00fcr jede Anforderung geplant<\/h3>\t\t\t\t<\/div>\n\t\t\t\t<\/div>\n\t\t\t\t<div class=\"elementor-element elementor-element-64628fd9 elementor-widget elementor-widget-heading\" data-id=\"64628fd9\" data-element_type=\"widget\" data-e-type=\"widget\" data-widget_type=\"heading.default\">\n\t\t\t\t<div class=\"elementor-widget-container\">\n\t\t\t\t\t<h2 class=\"elementor-heading-title elementor-size-default\">BRANCHENL\u00d6SUNGEN<\/h2>\t\t\t\t<\/div>\n\t\t\t\t<\/div>\n\t\t\t\t<div class=\"elementor-element elementor-element-af63c64 elementor-widget elementor-widget-text-editor\" data-id=\"af63c64\" data-element_type=\"widget\" data-e-type=\"widget\" data-widget_type=\"text-editor.default\">\n\t\t\t\t<div class=\"elementor-widget-container\">\n\t\t\t\t\t\t\t\t\t<p>Finden Sie gemeinsam mit uns optimale Verpackungen f\u00fcr Ihre individuellen Anforderungen.<\/p>\t\t\t\t\t\t\t\t<\/div>\n\t\t\t\t<\/div>\n\t\t\t\t<div class=\"elementor-element elementor-element-158f98aa elementor-widget elementor-widget-button\" data-id=\"158f98aa\" data-element_type=\"widget\" data-e-type=\"widget\" data-widget_type=\"button.default\">\n\t\t\t\t<div class=\"elementor-widget-container\">\n\t\t\t\t\t\t\t\t\t<div class=\"elementor-button-wrapper\">\n\t\t\t\t\t<a class=\"elementor-button elementor-button-link elementor-size-sm\" href=\"https:\/\/www.kunertwellpappe.de\/de\/branchenloesungen\/\">\n\t\t\t\t\t\t<span class=\"elementor-button-content-wrapper\">\n\t\t\t\t\t\t\t\t\t<span class=\"elementor-button-text\">mehr erfahren<\/span>\n\t\t\t\t\t<\/span>\n\t\t\t\t\t<\/a>\n\t\t\t\t<\/div>\n\t\t\t\t\t\t\t\t<\/div>\n\t\t\t\t<\/div>\n\t\t\t\t\t<\/div>\n\t\t<\/div>\n\t\t\t\t<div class=\"elementor-column elementor-col-50 elementor-top-column elementor-element elementor-element-234b925e\" data-id=\"234b925e\" data-element_type=\"column\" data-e-type=\"column\">\n\t\t\t<div class=\"elementor-widget-wrap elementor-element-populated\">\n\t\t\t\t\t\t<div class=\"elementor-element elementor-element-7fdb5062 bdt-ep-style-list elementor-widget elementor-widget-bdt-circle-info\" data-id=\"7fdb5062\" data-element_type=\"widget\" data-e-type=\"widget\" data-widget_type=\"bdt-circle-info.default\">\n\t\t\t\t<div class=\"elementor-widget-container\">\n\t\t\t\t\t\n\t\t<div class=\"bdt-ep-circle-info\" data-settings=\"{&quot;id&quot;:&quot;bdt-ep-circle-info-7fdb5062&quot;,&quot;circleMoving&quot;:false,&quot;movingTime&quot;:0,&quot;mouseEvent&quot;:&quot;mouseover&quot;}\">\n\t\t\t<div class=\"bdt-ep-circle-info-wrap\" id=\"bdt-ep-circle-info-7fdb5062\">\n\n\t\t\t\t<div class=\"bdt-ep-circle-info-inner\">\n\t\t\t\t\t\t\t\t\t\t\t<div class=\"bdt-ep-circle-info-sub-circle active\" data-circle-index=\"1\">\n\t\t\t\t\t\t\t<i aria-hidden=\"true\" class=\"fas fa-car\"><\/i>\t\t\t\t\t\t<\/div>\n\t\t\t\t\t\t\t\t\t\t\t<div class=\"bdt-ep-circle-info-sub-circle\" data-circle-index=\"2\">\n\t\t\t\t\t\t\t<i aria-hidden=\"true\" class=\"fas fa-fill-drip\"><\/i>\t\t\t\t\t\t<\/div>\n\t\t\t\t\t\t\t\t\t\t\t<div class=\"bdt-ep-circle-info-sub-circle\" data-circle-index=\"3\">\n\t\t\t\t\t\t\t<i aria-hidden=\"true\" class=\"fas fa-carrot\"><\/i>\t\t\t\t\t\t<\/div>\n\t\t\t\t\t\t\t\t\t\t\t<div class=\"bdt-ep-circle-info-sub-circle\" data-circle-index=\"4\">\n\t\t\t\t\t\t\t<i aria-hidden=\"true\" class=\"fas fa-crutch\"><\/i>\t\t\t\t\t\t<\/div>\n\t\t\t\t\t\t\t\t\t<\/div>\n\n\t\t\t\t<div class=\"bdt-ep-circle-info-content\">\n\t\t\t\t\t\t\t\t\t\t\t<div class=\"bdt-ep-circle-info-item icci1 elementor-repeater-item-73a970a active\">\n\n\t\t\t\t\t\t\t\t\t\t\t\t\t\t\t<div class=\"bdt-ep-circle-info-icon d-md-none\">\n\t\t\t\t\t\t\t\t\t<i aria-hidden=\"true\" class=\"fas fa-car\"><\/i>\t\t\t\t\t\t\t\t<\/div>\n\t\t\t\t\t\t\t\n\t\t\t\t\t\t\t<div class=\"bdt-ep-circle-info-content-inner\">\n\t\t\t\t\t\t\t\t<div class=\"bdt-ep-circle-info-title-wrap\">\n\t\t\t\t\t\t\t\t\t<span class=\"bdt-ep-circle-info-title\">\n\t\t\t\t\t\t\t\t\t\tAutomobil- &amp; Maschinenbaubranche\t\t\t\t\t\t\t\t\t\t\t\t\t\t\t\t\t\t\t<\/span>\n\t\t\t\t\t\t\t\t<\/div>\n\n\t\t\t\t\t\t\t\t<div class=\"bdt-ep-circle-info-desc\">\n\t\t\t\t\t\t\t\t\t<p>Ob Autot\u00fcren, Motorbl\u00f6cke, Stahlschrauben oder andere schwere Teile: Die Anforderungen von Automobilherstellern und Herstellern aus dem Maschinenbau an Verpackungen sind vielf\u00e4ltig. Gemeinsam\u00a0 setzen wir alles daran, dass Ihre G\u00fcter sicher auf Reisen gehen.<\/p>\t\t\t\t\t\t\t\t<\/div>\n\t\t\t\t\t\t\t<\/div>\n\n\t\t\t\t\t\t<\/div>\n\t\t\t\t\t\t\t\t\t\t\t<div class=\"bdt-ep-circle-info-item icci2 elementor-repeater-item-e4d49d8\">\n\n\t\t\t\t\t\t\t\t\t\t\t\t\t\t\t<div class=\"bdt-ep-circle-info-icon d-md-none\">\n\t\t\t\t\t\t\t\t\t<i aria-hidden=\"true\" class=\"fas fa-fill-drip\"><\/i>\t\t\t\t\t\t\t\t<\/div>\n\t\t\t\t\t\t\t\n\t\t\t\t\t\t\t<div class=\"bdt-ep-circle-info-content-inner\">\n\t\t\t\t\t\t\t\t<div class=\"bdt-ep-circle-info-title-wrap\">\n\t\t\t\t\t\t\t\t\t<span class=\"bdt-ep-circle-info-title\">\n\t\t\t\t\t\t\t\t\t\tChemiebranche\t\t\t\t\t\t\t\t\t\t\t\t\t\t\t\t\t\t\t<\/span>\n\t\t\t\t\t\t\t\t<\/div>\n\n\t\t\t\t\t\t\t\t<div class=\"bdt-ep-circle-info-desc\">\n\t\t\t\t\t\t\t\t\t<p>Sie m\u00f6chten hei\u00dfe und klebrige Fl\u00fcssigkeiten, Granulate oder Gefahrg\u00fcter transportieren? Wir von Kunert Wellpappe finden mit Ihnen die passenden L\u00f6sungen f\u00fcr die Anforderungen in der Chemiebranche.<\/p>\t\t\t\t\t\t\t\t<\/div>\n\t\t\t\t\t\t\t<\/div>\n\n\t\t\t\t\t\t<\/div>\n\t\t\t\t\t\t\t\t\t\t\t<div class=\"bdt-ep-circle-info-item icci3 elementor-repeater-item-0d529d3\">\n\n\t\t\t\t\t\t\t\t\t\t\t\t\t\t\t<div class=\"bdt-ep-circle-info-icon d-md-none\">\n\t\t\t\t\t\t\t\t\t<i aria-hidden=\"true\" class=\"fas fa-carrot\"><\/i>\t\t\t\t\t\t\t\t<\/div>\n\t\t\t\t\t\t\t\n\t\t\t\t\t\t\t<div class=\"bdt-ep-circle-info-content-inner\">\n\t\t\t\t\t\t\t\t<div class=\"bdt-ep-circle-info-title-wrap\">\n\t\t\t\t\t\t\t\t\t<span class=\"bdt-ep-circle-info-title\">\n\t\t\t\t\t\t\t\t\t\tLebensmittelbranche\t\t\t\t\t\t\t\t\t\t\t\t\t\t\t\t\t\t\t<\/span>\n\t\t\t\t\t\t\t\t<\/div>\n\n\t\t\t\t\t\t\t\t<div class=\"bdt-ep-circle-info-desc\">\n\t\t\t\t\t\t\t\t\t<p>Was haben Verpackungen f\u00fcr Bier, Kartoffeln und K\u00fcrbisse gemeinsam? Sie m\u00fcssen Schutz bieten, Platz sparen und am besten noch im Supermarktregal den Abverkauf f\u00f6rdern. Vertrauen Sie unseren ma\u00dfgeschneiderten L\u00f6sungen.<\/p>\t\t\t\t\t\t\t\t<\/div>\n\t\t\t\t\t\t\t<\/div>\n\n\t\t\t\t\t\t<\/div>\n\t\t\t\t\t\t\t\t\t\t\t<div class=\"bdt-ep-circle-info-item icci4 elementor-repeater-item-e9b917e\">\n\n\t\t\t\t\t\t\t\t\t\t\t\t\t\t\t<div class=\"bdt-ep-circle-info-icon d-md-none\">\n\t\t\t\t\t\t\t\t\t<i aria-hidden=\"true\" class=\"fas fa-crutch\"><\/i>\t\t\t\t\t\t\t\t<\/div>\n\t\t\t\t\t\t\t\n\t\t\t\t\t\t\t<div class=\"bdt-ep-circle-info-content-inner\">\n\t\t\t\t\t\t\t\t<div class=\"bdt-ep-circle-info-title-wrap\">\n\t\t\t\t\t\t\t\t\t<span class=\"bdt-ep-circle-info-title\">\n\t\t\t\t\t\t\t\t\t\tElektronik- &amp; Haushaltsger\u00e4te\t\t\t\t\t\t\t\t\t\t\t\t\t\t\t\t\t\t\t<\/span>\n\t\t\t\t\t\t\t\t<\/div>\n\n\t\t\t\t\t\t\t\t<div class=\"bdt-ep-circle-info-desc\">\n\t\t\t\t\t\t\t\t\t<p>Von der Backofent\u00fcr bis zum K\u00fchlschrank: Wir entwickeln gemeinsam mit Ihnen robuste, platzsparende und wiederverwendbare Verpackungsl\u00f6sungen f\u00fcr Elektronik- und Haushaltsger\u00e4te.<\/p>\t\t\t\t\t\t\t\t<\/div>\n\t\t\t\t\t\t\t<\/div>\n\n\t\t\t\t\t\t<\/div>\n\t\t\t\t\t\t\t\t\t<\/div>\n\n\t\t\t<\/div>\n\t\t<\/div>\n\n\t\t\t\t\t\t<\/div>\n\t\t\t\t<\/div>\n\t\t\t\t\t<\/div>\n\t\t<\/div>\n\t\t\t\t\t<\/div>\n\t\t<\/section>\n\t\t\t\t<\/div>\n\t\t","protected":false},"excerpt":{"rendered":"<p>\u00dcberseeverpackungen Sicherer Schutz f\u00fcr Ihre Transportg\u00fcter Ob Luft- oder Seefracht \u2013 unsere \u00dcberseeverpackungen garantieren optimalen Schutz f\u00fcr Ihre Waren, unabh\u00e4ngig von den Belastungen w\u00e4hrend des Transports. Speziell auf die Anforderungen von \u00dcberseetransporten zugeschnitten, bieten unsere Verpackungsl\u00f6sungen einen verl\u00e4sslichen Schutz und einfaches Handling. Individuelle L\u00f6sungen f\u00fcr Ihren \u00dcberseetransportWir entwickeln gemeinsam mit Ihnen ma\u00dfgeschneiderte Verpackungen, die exakt &#8230; <a title=\"\u00dcberseeverpackungen\" class=\"read-more\" href=\"https:\/\/www.kunertwellpappe.de\/de\/ueberseeverpackungen\/\" aria-label=\"Mehr Informationen \u00fcber \u00dcberseeverpackungen\">Weiterlesen<\/a><\/p>\n","protected":false},"author":3,"featured_media":0,"parent":0,"menu_order":0,"comment_status":"closed","ping_status":"closed","template":"","meta":{"_jf_save_progress":"","footnotes":""},"class_list":["post-714","page","type-page","status-publish"],"_links":{"self":[{"href":"https:\/\/www.kunertwellpappe.de\/de\/wp-json\/wp\/v2\/pages\/714","targetHints":{"allow":["GET"]}}],"collection":[{"href":"https:\/\/www.kunertwellpappe.de\/de\/wp-json\/wp\/v2\/pages"}],"about":[{"href":"https:\/\/www.kunertwellpappe.de\/de\/wp-json\/wp\/v2\/types\/page"}],"author":[{"embeddable":true,"href":"https:\/\/www.kunertwellpappe.de\/de\/wp-json\/wp\/v2\/users\/3"}],"replies":[{"embeddable":true,"href":"https:\/\/www.kunertwellpappe.de\/de\/wp-json\/wp\/v2\/comments?post=714"}],"version-history":[{"count":29,"href":"https:\/\/www.kunertwellpappe.de\/de\/wp-json\/wp\/v2\/pages\/714\/revisions"}],"predecessor-version":[{"id":6484,"href":"https:\/\/www.kunertwellpappe.de\/de\/wp-json\/wp\/v2\/pages\/714\/revisions\/6484"}],"wp:attachment":[{"href":"https:\/\/www.kunertwellpappe.de\/de\/wp-json\/wp\/v2\/media?parent=714"}],"curies":[{"name":"wp","href":"https:\/\/api.w.org\/{rel}","templated":true}]}}