{"id":5521,"date":"2024-01-04T10:57:14","date_gmt":"2024-01-04T09:57:14","guid":{"rendered":"https:\/\/www.kunertwellpappe.de\/de\/?page_id=5521"},"modified":"2024-02-22T15:27:33","modified_gmt":"2024-02-22T14:27:33","slug":"bewerbungsformular","status":"publish","type":"page","link":"https:\/\/www.kunertwellpappe.de\/de\/bewerbungsformular\/","title":{"rendered":"Bewerbung"},"content":{"rendered":"<div class=\"jet-fb-form-block\" data-is-block=\"jet-forms\/form-block\"><style id=\"jet-form-builder-5520-inline-css\"><\/style><form  class=\"jet-form-builder layout-column submit-type-reload\" action=\"https:\/\/www.kunertwellpappe.de\/de\/wp-json\/wp\/v2\/pages\/5521\/?ZrdUa0=nzCBoUGNnP&amp;method=reload\" method=\"POST\" data-form-id=\"5520\" data-layout=\"column\" enctype=\"multipart\/form-data\" novalidate=\"null\" ssr_validation_method=\"rest\">\r\n<input type=\"hidden\" name=\"_jfb_current_render_states[]\" value=\"DEFAULT.STATE\" data-jfb-sync \/><input type=\"hidden\" class=\"jet-form-builder__field hidden-field\" name=\"_jet_engine_booking_form_id\" data-field-name=\"_jet_engine_booking_form_id\" value=\"5520\">\n<input type=\"hidden\" class=\"jet-form-builder__field hidden-field\" name=\"_jet_engine_refer\" data-field-name=\"_jet_engine_refer\" value=\"https:\/\/www.kunertwellpappe.de\/de\/wp-json\/wp\/v2\/pages\/5521\/\">\n<input type=\"hidden\" class=\"jet-form-builder__field hidden-field\" name=\"__queried_post_id\" data-field-name=\"__queried_post_id\" value=\"5521\">\n\n<input type=\"hidden\" class=\"jet-form-builder__field hidden-field\" name=\"post_id\" data-field-name=\"post_id\" data-jfb-sync=\"null\" value=\"5521\">\n\n\n\n\n<h2 class=\"wp-block-heading\">%%content%%<\/h2>\n\n\n\n<input type=\"hidden\" class=\"jet-form-builder__field hidden-field\" name=\"hidden_title\" data-field-name=\"hidden_title\" data-jfb-sync=\"null\">\n\n\n\n\n<input type=\"hidden\" class=\"jet-form-builder__field hidden-field\" name=\"hidden_mail\" data-field-name=\"hidden_mail\" data-jfb-sync=\"null\">\n\n\n\n<div  class=\"jet-form-builder-row field-type-text-field\" >\n<div class=\"jet-form-builder__label\">\r\n<div class=\"jet-form-builder__label-text\">Vorname <span class=\"jet-form-builder__required\">*<\/span><\/div><\/div><div class=\"jet-form-builder__field-wrap\">\n\t\t\t\t<input required=\"required\" name=\"vorname\" id=\"vorname\" type=\"text\" data-field-name=\"vorname\" class=\"jet-form-builder__field text-field\" data-jfb-sync=\"null\" autocomplete=\"off_RsemoEfS\">\n\t\t\t\t\t<\/div>\n<\/div>\n\n<div  class=\"jet-form-builder-row field-type-text-field\" >\n<div class=\"jet-form-builder__label\">\r\n<div class=\"jet-form-builder__label-text\">Name <span class=\"jet-form-builder__required\">*<\/span><\/div><\/div><div class=\"jet-form-builder__field-wrap\">\n\t\t\t\t<input required=\"required\" name=\"name\" id=\"name\" type=\"text\" data-field-name=\"name\" class=\"jet-form-builder__field text-field\" data-jfb-sync=\"null\" autocomplete=\"off_PTumwQrn\">\n\t\t\t\t\t<\/div>\n<\/div>\n\n<div  class=\"jet-form-builder-row field-type-text-field\" >\n<div class=\"jet-form-builder__label\">\r\n<div class=\"jet-form-builder__label-text\">E-Mail-Adresse <span class=\"jet-form-builder__required\">*<\/span><\/div><\/div><div class=\"jet-form-builder__field-wrap\">\n\t\t\t\t<input required=\"required\" name=\"E-Mail\" id=\"E-Mail\" type=\"email\" data-field-name=\"E-Mail\" class=\"jet-form-builder__field text-field\" data-jfb-sync=\"null\" autocomplete=\"off_WogKyskt\">\n\t\t\t\t\t<\/div>\n<\/div>\n\n<div  class=\"jet-form-builder-row field-type-text-field\" >\n<div class=\"jet-form-builder__label\">\r\n<div class=\"jet-form-builder__label-text\">Telefonnummer<\/div><\/div><div class=\"jet-form-builder__field-wrap\">\n\t\t\t\t<input name=\"telefonnummer\" id=\"telefonnummer\" type=\"text\" data-field-name=\"telefonnummer\" class=\"jet-form-builder__field text-field\" data-jfb-sync=\"null\" autocomplete=\"off_xfrlijdq\">\n\t\t\t\t\t<\/div>\n<\/div>\n\n<div  class=\"jet-form-builder-row field-type-text-field\" >\n<div class=\"jet-form-builder__label\">\r\n<div class=\"jet-form-builder__label-text\">Nachricht<\/div><\/div><div class=\"jet-form-builder__field-wrap\">\n\t\t\t\t<input name=\"nachricht\" id=\"nachricht\" type=\"text\" data-field-name=\"nachricht\" class=\"jet-form-builder__field text-field\" data-jfb-sync=\"null\" autocomplete=\"off_c0NhsyRV\">\n\t\t\t\t\t<\/div>\n<\/div>\n\n\n<h4 class=\"wp-block-heading\">Hier k\u00f6nnen Sie Ihre Bewerbungsunterlagen (Lebenslauf, Zeugnisse) hochladen, falls zur Hand (max. 5 Dateien).<\/h4>\n\n\n<div  class=\"jet-form-builder-row field-type-media-field\" >\n<template class=\"jet-form-builder__preview-template\"><div class=\"jet-form-builder-file-upload__file\" data-file=\"%file_url%\">\n\t<!-- preview -->\n\t<!-- field -->\n\t<div class=\"jet-form-builder-file-upload__file-remove\" data-file-name=\"%file_name%\">\n\t\t<svg width=\"22\" height=\"22\" viewBox=\"0 0 14 15\" fill=\"none\" xmlns=\"http:\/\/www.w3.org\/2000\/svg\">\n\t\t\t<path d=\"M4.375 7H6.125V12.25H4.375V7ZM7.875 7H9.625V12.25H7.875V7ZM10.5 1.75C10.5 1.51302 10.4134 1.30794 10.2402 1.13477C10.0762 0.961589 9.87109 0.875 9.625 0.875H4.375C4.12891 0.875 3.91927 0.961589 3.74609 1.13477C3.58203 1.30794 3.5 1.51302 3.5 1.75V3.5H0V5.25H0.875V14C0.875 14.237 0.957031 14.4421 1.12109 14.6152C1.29427 14.7884 1.50391 14.875 1.75 14.875H12.25C12.4961 14.875 12.7012 14.7884 12.8652 14.6152C13.0384 14.4421 13.125 14.237 13.125 14V5.25H14V3.5H10.5V1.75ZM5.25 2.625H8.75V3.5H5.25V2.625ZM11.375 5.25V13.125H2.625V5.25H11.375Z\"><\/path>\n\t\t<\/svg>\n\t<\/div>\n\t<span\n\t\t\tclass=\"jet-form-builder-file-upload__file-invalid-marker\"\n\t\t\tstyle=\"display: none\">\n\t\t<svg xmlns=\"http:\/\/www.w3.org\/2000\/svg\" viewBox=\"0 0 20 20\" fill=\"currentcolor\" width=\"24\" height=\"24\" aria-hidden=\"true\" focusable=\"false\"><path d=\"M10 2c4.42 0 8 3.58 8 8s-3.58 8-8 8-8-3.58-8-8 3.58-8 8-8zm1.13 9.38l.35-6.46H8.52l.35 6.46h2.26zm-.09 3.36c.24-.23.37-.55.37-.96 0-.42-.12-.74-.36-.97s-.59-.35-1.06-.35-.82.12-1.07.35-.37.55-.37.97c0 .41.13.73.38.96.26.23.61.34 1.06.34s.8-.11 1.05-.34z\"><\/path><\/svg>\n\t<\/span>\n\t<!-- footer -->\n<\/div>\n<\/template><div class=\"jet-form-builder__field-wrap jet-form-builder-file-upload\">\n\t\t<div class=\"jet-form-builder-file-upload__content\">\n\t\t<div class=\"jet-form-builder-file-upload__loader\"><svg xmlns=\"http:\/\/www.w3.org\/2000\/svg\" width=\"38\" height=\"38\" viewBox=\"0 0 38 38\" stroke=\"#fff\"><g fill=\"none\" fill-rule=\"evenodd\"><g transform=\"translate(1 1)\" stroke-width=\"2\"><circle stroke-opacity=\".5\" cx=\"18\" cy=\"18\" r=\"18\"\/><path d=\"M36 18c0-9.94-8.06-18-18-18\" transform=\"rotate(137.826 18 18)\"><animateTransform attributeName=\"transform\" type=\"rotate\" from=\"0 18 18\" to=\"360 18 18\" dur=\"1s\" repeatCount=\"indefinite\"\/><\/path><\/g><\/g><\/svg><\/div>\t\t<div class=\"jet-form-builder-file-upload__files\" data-args=\"{&quot;max_files&quot;:5,&quot;max_size&quot;:10485760}\">\n\t\t\t\t\t<\/div>\n\t<\/div>\n\t<div class=\"jet-form-builder-file-upload__fields\">\n\t\t<input class=\"jet-form-builder__field file-field jet-form-builder-file-upload__input\" name=\"unterlagen[]\" data-field-name=\"unterlagen\" type=\"file\" data-form_id=\"5520\" id=\"unterlagen\" data-jfb-sync=\"null\" data-max_files=\"5\" multiple=\"1\" accept=\"application\/pdf\" data-max_size=\"10485760\">\n\t<\/div>\n\t<div class=\"jet-form-builder-file-upload__message\"><small>Maximum file size: 10 MB<\/small><\/div>\n\t<div class=\"jet-form-builder-file-upload__errors is-hidden\"><\/div>\n\t<\/div>\n<\/div>\n\n<div  data-value=\"[{&quot;id&quot;:1287,&quot;conditions&quot;:[{&quot;__visible&quot;:true,&quot;value&quot;:&quot;&quot;}],&quot;to_set&quot;:&quot;&quot;}]\" class=\"jet-form-builder-row field-type-checkbox-field\" >\n<div class=\"jet-form-builder__label\">\r\n<div class=\"jet-form-builder__label-text\">Ich erkl\u00e4re mich mit der Verarbeitung der eingegebenen Daten* sowie der Datenschutzerkl\u00e4rung einverstanden. <span class=\"jet-form-builder__required\">*<\/span><\/div><\/div><div class=\"jet-form-builder__fields-group checkradio-wrap\" data-jfb-sync><div class=\"jet-form-builder__field-wrap checkboxes-wrap checkradio-wrap\"><label class=\"jet-form-builder__field-label for-checkbox\">\n\t\t\t<input type=\"checkbox\" name=\"Einverstaendnis\" value=\"Ich stimme zu\" data-field-name=\"Einverstaendnis\"  class=\"jet-form-builder__field checkboxes-field checkradio-field\" required=\"required\"><span>Ich stimme zu<\/span><\/label><\/div><\/div>\n<\/div>\n\n<div  class=\"jet-form-builder-row field-type-submit-field\" >\n\t<div data-type=\"submit\" class=\"jet-form-builder__action-button-wrapper jet-form-builder__submit-wrap\">\n\t<button class=\"jet-form-builder__action-button jet-form-builder__submit submit-type-reload\" type=\"submit\">Absenden<\/button>\n\t<\/div>\n\t\n<\/div>\n\n<p><span style=\"font-size: small;\">*Erhebung und Verwendung pers\u00f6nlicher Daten im Bewerbungsverfahren<\/span><\/p>\n<p>Dem Unternehmen ist es wichtig, auch im Fall einer erfolglosen Bewerbung mit Ihnen in Kontakt zu bleiben und Sie f\u00fcr k\u00fcnftige Stellen weiter zu ber\u00fccksichtigen.<\/p>\n<p>Hiermit willigen Sie ein, dass Ihre im Rahmen Ihrer Bewerbung bereitgestellten personenbezogenen Daten zur weiteren Verarbeitung in einem internen Talentpool gespeichert werden. Ihre Einwilligung, welche Sie mittels Aktivierung der \u201eCheckbox\u201c vor Bet\u00e4tigung des \u201eBewerben-Buttons\u201c erteilen k\u00f6nnen, wird von uns digital protokolliert. Die Speicherung im internen Talentpool umfasst alle personenbezogene Daten, die Sie uns im Zusammenhang mit Ihrer Bewerbung (elektronisch, schriftlich oder m\u00fcndlich) \u00fcbermitteln. Neben Ihren pers\u00f6nlichen Daten und Daten, die Sie als Person in Ihrem beruflichen Umfeld betreffen, umfasst dies insbesondere Kommunikationsdaten zwischen Ihnen und unserem Recruiting-Team. Zweck der Speicherung ist, Sie \u00fcber weitere Stellenangebote zu informieren und bei Interesse den entsprechenden Bewerbungsprozess einzuleiten.<\/p>\n<p>Sie k\u00f6nnen diese Einwilligung jederzeit mit Wirkung f\u00fcr die Zukunft und ohne Angaben von Gr\u00fcnden widerrufen, indem Sie uns unter <a href=\"mailto:Karriere-biebesheim@kunertwellpappe.de\"><span class=\"elementor-icon-list-text\">Karriere-biebesheim@kunertwellpappe.de <\/span><\/a>\u00fcber Ihren Widerruf informieren. Im Falle eines Widerrufes werden wir Ihre personenbezogenen Daten unverz\u00fcglich l\u00f6schen.<\/p>\t<div class=\"jet-form-builder-messages-wrap\" data-form-id=\"5520\"><\/div>\n<\/form>\n<\/div>\n","protected":false},"excerpt":{"rendered":"","protected":false},"author":1,"featured_media":0,"parent":0,"menu_order":0,"comment_status":"closed","ping_status":"closed","template":"","meta":{"_jf_save_progress":"","footnotes":""},"class_list":["post-5521","page","type-page","status-publish"],"_links":{"self":[{"href":"https:\/\/www.kunertwellpappe.de\/de\/wp-json\/wp\/v2\/pages\/5521","targetHints":{"allow":["GET"]}}],"collection":[{"href":"https:\/\/www.kunertwellpappe.de\/de\/wp-json\/wp\/v2\/pages"}],"about":[{"href":"https:\/\/www.kunertwellpappe.de\/de\/wp-json\/wp\/v2\/types\/page"}],"author":[{"embeddable":true,"href":"https:\/\/www.kunertwellpappe.de\/de\/wp-json\/wp\/v2\/users\/1"}],"replies":[{"embeddable":true,"href":"https:\/\/www.kunertwellpappe.de\/de\/wp-json\/wp\/v2\/comments?post=5521"}],"version-history":[{"count":3,"href":"https:\/\/www.kunertwellpappe.de\/de\/wp-json\/wp\/v2\/pages\/5521\/revisions"}],"predecessor-version":[{"id":6066,"href":"https:\/\/www.kunertwellpappe.de\/de\/wp-json\/wp\/v2\/pages\/5521\/revisions\/6066"}],"wp:attachment":[{"href":"https:\/\/www.kunertwellpappe.de\/de\/wp-json\/wp\/v2\/media?parent=5521"}],"curies":[{"name":"wp","href":"https:\/\/api.w.org\/{rel}","templated":true}]}}