{"id":5404,"date":"2023-12-20T15:01:45","date_gmt":"2023-12-20T14:01:45","guid":{"rendered":"https:\/\/www.kunertwellpappe.de\/de\/?page_id=5404"},"modified":"2024-06-11T09:42:18","modified_gmt":"2024-06-11T07:42:18","slug":"praktikum-und-abschlussarbeiten","status":"publish","type":"page","link":"https:\/\/www.kunertwellpappe.de\/de\/praktikum-und-abschlussarbeiten\/","title":{"rendered":"Praktikum und Abschlussarbeiten"},"content":{"rendered":"\t\t<div data-elementor-type=\"wp-page\" data-elementor-id=\"5404\" class=\"elementor elementor-5404\" data-elementor-settings=\"{&quot;element_pack_global_tooltip_width&quot;:{&quot;unit&quot;:&quot;px&quot;,&quot;size&quot;:&quot;&quot;,&quot;sizes&quot;:[]},&quot;element_pack_global_tooltip_width_tablet&quot;:{&quot;unit&quot;:&quot;px&quot;,&quot;size&quot;:&quot;&quot;,&quot;sizes&quot;:[]},&quot;element_pack_global_tooltip_width_mobile&quot;:{&quot;unit&quot;:&quot;px&quot;,&quot;size&quot;:&quot;&quot;,&quot;sizes&quot;:[]},&quot;element_pack_global_tooltip_padding&quot;:{&quot;unit&quot;:&quot;px&quot;,&quot;top&quot;:&quot;&quot;,&quot;right&quot;:&quot;&quot;,&quot;bottom&quot;:&quot;&quot;,&quot;left&quot;:&quot;&quot;,&quot;isLinked&quot;:true},&quot;element_pack_global_tooltip_padding_tablet&quot;:{&quot;unit&quot;:&quot;px&quot;,&quot;top&quot;:&quot;&quot;,&quot;right&quot;:&quot;&quot;,&quot;bottom&quot;:&quot;&quot;,&quot;left&quot;:&quot;&quot;,&quot;isLinked&quot;:true},&quot;element_pack_global_tooltip_padding_mobile&quot;:{&quot;unit&quot;:&quot;px&quot;,&quot;top&quot;:&quot;&quot;,&quot;right&quot;:&quot;&quot;,&quot;bottom&quot;:&quot;&quot;,&quot;left&quot;:&quot;&quot;,&quot;isLinked&quot;:true},&quot;element_pack_global_tooltip_border_radius&quot;:{&quot;unit&quot;:&quot;px&quot;,&quot;top&quot;:&quot;&quot;,&quot;right&quot;:&quot;&quot;,&quot;bottom&quot;:&quot;&quot;,&quot;left&quot;:&quot;&quot;,&quot;isLinked&quot;:true},&quot;element_pack_global_tooltip_border_radius_tablet&quot;:{&quot;unit&quot;:&quot;px&quot;,&quot;top&quot;:&quot;&quot;,&quot;right&quot;:&quot;&quot;,&quot;bottom&quot;:&quot;&quot;,&quot;left&quot;:&quot;&quot;,&quot;isLinked&quot;:true},&quot;element_pack_global_tooltip_border_radius_mobile&quot;:{&quot;unit&quot;:&quot;px&quot;,&quot;top&quot;:&quot;&quot;,&quot;right&quot;:&quot;&quot;,&quot;bottom&quot;:&quot;&quot;,&quot;left&quot;:&quot;&quot;,&quot;isLinked&quot;:true}}\" data-elementor-post-type=\"page\">\n\t\t\t\t\t\t<section class=\"elementor-section elementor-top-section elementor-element elementor-element-1bfe9b73 elementor-section-boxed elementor-section-height-default elementor-section-height-default elementor-invisible\" data-id=\"1bfe9b73\" data-element_type=\"section\" data-e-type=\"section\" data-settings=\"{&quot;jet_parallax_layout_list&quot;:[],&quot;background_background&quot;:&quot;classic&quot;,&quot;animation&quot;:&quot;fadeInUp&quot;}\">\n\t\t\t\t\t\t<div class=\"elementor-container elementor-column-gap-default\">\n\t\t\t\t\t<div class=\"elementor-column elementor-col-100 elementor-top-column elementor-element elementor-element-24c3164\" data-id=\"24c3164\" data-element_type=\"column\" data-e-type=\"column\">\n\t\t\t<div class=\"elementor-widget-wrap elementor-element-populated\">\n\t\t\t\t\t\t<div class=\"elementor-element elementor-element-3bf0c78f elementor-widget elementor-widget-heading\" data-id=\"3bf0c78f\" data-element_type=\"widget\" data-e-type=\"widget\" data-widget_type=\"heading.default\">\n\t\t\t\t<div class=\"elementor-widget-container\">\n\t\t\t\t\t<h1 class=\"elementor-heading-title elementor-size-default\">Praktikum und Abschlussarbeiten <\/h1>\t\t\t\t<\/div>\n\t\t\t\t<\/div>\n\t\t\t\t<div class=\"elementor-element elementor-element-1261f15 elementor-widget elementor-widget-heading\" data-id=\"1261f15\" data-element_type=\"widget\" data-e-type=\"widget\" data-widget_type=\"heading.default\">\n\t\t\t\t<div class=\"elementor-widget-container\">\n\t\t\t\t\t<h3 class=\"elementor-heading-title elementor-size-default\">\u201eFinde deinen Platz in unserem Team: Wir suchen Talente!\"<\/h3>\t\t\t\t<\/div>\n\t\t\t\t<\/div>\n\t\t\t\t\t<\/div>\n\t\t<\/div>\n\t\t\t\t\t<\/div>\n\t\t<\/section>\n\t\t\t\t<section class=\"elementor-section elementor-top-section elementor-element elementor-element-520c93f7 elementor-section-boxed elementor-section-height-default elementor-section-height-default elementor-invisible\" data-id=\"520c93f7\" data-element_type=\"section\" data-e-type=\"section\" data-settings=\"{&quot;jet_parallax_layout_list&quot;:[],&quot;animation&quot;:&quot;fadeInUp&quot;}\">\n\t\t\t\t\t\t<div class=\"elementor-container elementor-column-gap-default\">\n\t\t\t\t\t<div class=\"elementor-column elementor-col-100 elementor-top-column elementor-element elementor-element-c79dc02\" data-id=\"c79dc02\" data-element_type=\"column\" data-e-type=\"column\">\n\t\t\t<div class=\"elementor-widget-wrap elementor-element-populated\">\n\t\t\t\t\t\t<div class=\"elementor-element elementor-element-4520bec elementor-widget elementor-widget-heading\" data-id=\"4520bec\" data-element_type=\"widget\" data-e-type=\"widget\" data-widget_type=\"heading.default\">\n\t\t\t\t<div class=\"elementor-widget-container\">\n\t\t\t\t\t<h1 class=\"elementor-heading-title elementor-size-default\">Praktikum Bei Kunert Wellpappe! <\/h1>\t\t\t\t<\/div>\n\t\t\t\t<\/div>\n\t\t\t\t\t<\/div>\n\t\t<\/div>\n\t\t\t\t\t<\/div>\n\t\t<\/section>\n\t\t\t\t<section class=\"elementor-section elementor-top-section elementor-element elementor-element-6007abc7 elementor-section-boxed elementor-section-height-default elementor-section-height-default elementor-invisible\" data-id=\"6007abc7\" data-element_type=\"section\" data-e-type=\"section\" data-settings=\"{&quot;jet_parallax_layout_list&quot;:[],&quot;animation&quot;:&quot;fadeInUp&quot;,&quot;background_background&quot;:&quot;classic&quot;,&quot;shape_divider_bottom&quot;:&quot;triangle&quot;,&quot;shape_divider_bottom_negative&quot;:&quot;yes&quot;}\">\n\t\t\t\t\t<div class=\"elementor-shape elementor-shape-bottom\" aria-hidden=\"true\" data-negative=\"true\">\n\t\t\t<svg xmlns=\"http:\/\/www.w3.org\/2000\/svg\" viewBox=\"0 0 1000 100\" preserveAspectRatio=\"none\">\n\t<path class=\"elementor-shape-fill\" d=\"M500.2,94.7L0,0v100h1000V0L500.2,94.7z\"\/>\n<\/svg>\t\t<\/div>\n\t\t\t\t\t<div class=\"elementor-container elementor-column-gap-default\">\n\t\t\t\t\t<div class=\"elementor-column elementor-col-50 elementor-top-column elementor-element elementor-element-160c194\" data-id=\"160c194\" data-element_type=\"column\" data-e-type=\"column\">\n\t\t\t<div class=\"elementor-widget-wrap elementor-element-populated\">\n\t\t\t\t\t\t<div class=\"elementor-element elementor-element-468c974a elementor-widget elementor-widget-text-editor\" data-id=\"468c974a\" data-element_type=\"widget\" data-e-type=\"widget\" data-widget_type=\"text-editor.default\">\n\t\t\t\t<div class=\"elementor-widget-container\">\n\t\t\t\t\t\t\t\t\t<p>Wir bieten aufregende Praktikumschancen f\u00fcr Sch\u00fcler, Schulabg\u00e4nger, Studenten und Quereinsteiger in verschiedenen Abteilungen, um talentierte und motivierte Praktikanten in unser Team aufzunehmen. Unser Praktikumsprogramm erm\u00f6glicht es Ihnen, wertvolle Erfahrungen zu sammeln, praktische F\u00e4higkeiten zu entwickeln und einen Einblick in unsere Branche zu erhalten. Verf\u00fcgbare Praktikumsabteilungen:<br \/><br \/><\/p><div><strong>\u2022 Produktion<\/strong><\/div><div><strong>\u2022 Instandhaltung<\/strong><\/div><div><strong>\u2022 Versand<\/strong><\/div><div><strong>\u2022 Verkauf<\/strong><\/div><div><strong>\u2022 Personal<\/strong><\/div><div><strong>\u2022 Buchhaltung<\/strong><\/div><div><strong>\u2022 Einkauf<\/strong><\/div><div><strong>\u2022 Weitere Abteilungen auf Anfrage<\/strong><\/div>\t\t\t\t\t\t\t\t<\/div>\n\t\t\t\t<\/div>\n\t\t\t\t\t<\/div>\n\t\t<\/div>\n\t\t\t\t<div class=\"elementor-column elementor-col-50 elementor-top-column elementor-element elementor-element-368f3462\" data-id=\"368f3462\" data-element_type=\"column\" data-e-type=\"column\">\n\t\t\t<div class=\"elementor-widget-wrap elementor-element-populated\">\n\t\t\t\t\t\t<div class=\"elementor-element elementor-element-1e614a5 elementor-widget elementor-widget-image\" data-id=\"1e614a5\" data-element_type=\"widget\" data-e-type=\"widget\" data-widget_type=\"image.default\">\n\t\t\t\t<div class=\"elementor-widget-container\">\n\t\t\t\t\t\t\t\t\t\t\t\t\t\t\t<img fetchpriority=\"high\" decoding=\"async\" width=\"768\" height=\"512\" src=\"https:\/\/www.kunertwellpappe.de\/de\/wp-content\/uploads\/2021\/12\/72dpi_mgo-media_IMG_8049-768x512.jpg\" class=\"attachment-medium_large size-medium_large wp-image-3974\" alt=\"\" srcset=\"https:\/\/www.kunertwellpappe.de\/de\/wp-content\/uploads\/2021\/12\/72dpi_mgo-media_IMG_8049-768x512.jpg 768w, https:\/\/www.kunertwellpappe.de\/de\/wp-content\/uploads\/2021\/12\/72dpi_mgo-media_IMG_8049-300x200.jpg 300w, https:\/\/www.kunertwellpappe.de\/de\/wp-content\/uploads\/2021\/12\/72dpi_mgo-media_IMG_8049-1024x683.jpg 1024w, https:\/\/www.kunertwellpappe.de\/de\/wp-content\/uploads\/2021\/12\/72dpi_mgo-media_IMG_8049-1536x1024.jpg 1536w, https:\/\/www.kunertwellpappe.de\/de\/wp-content\/uploads\/2021\/12\/72dpi_mgo-media_IMG_8049.jpg 1620w\" sizes=\"(max-width: 768px) 100vw, 768px\" \/>\t\t\t\t\t\t\t\t\t\t\t\t\t\t\t<\/div>\n\t\t\t\t<\/div>\n\t\t\t\t\t<\/div>\n\t\t<\/div>\n\t\t\t\t\t<\/div>\n\t\t<\/section>\n\t\t\t\t<section class=\"elementor-section elementor-top-section elementor-element elementor-element-46d2a0cd elementor-section-boxed elementor-section-height-default elementor-section-height-default\" data-id=\"46d2a0cd\" data-element_type=\"section\" data-e-type=\"section\" data-settings=\"{&quot;jet_parallax_layout_list&quot;:[]}\">\n\t\t\t\t\t\t<div class=\"elementor-container elementor-column-gap-default\">\n\t\t\t\t\t<div class=\"elementor-column elementor-col-100 elementor-top-column elementor-element elementor-element-7b6e018e\" data-id=\"7b6e018e\" data-element_type=\"column\" data-e-type=\"column\">\n\t\t\t<div class=\"elementor-widget-wrap elementor-element-populated\">\n\t\t\t\t\t\t<div class=\"elementor-element elementor-element-53df87fb elementor-widget elementor-widget-text-editor\" data-id=\"53df87fb\" data-element_type=\"widget\" data-e-type=\"widget\" data-widget_type=\"text-editor.default\">\n\t\t\t\t<div class=\"elementor-widget-container\">\n\t\t\t\t\t\t\t\t\t<h2 style=\"text-align: center;\"><strong>Ihre Karriere beginnt hier!<\/strong><\/h2><p style=\"text-align: center;\">Wir freuen uns darauf, talentierte und leidenschaftliche Praktikanten in unserem Team willkommen zu hei\u00dfen und gemeinsam zu wachsen.\u00a0<\/p><p style=\"text-align: center;\">Wenn Sie Interesse an einem Praktikum bei Kunert Wellpappe haben, senden Sie bitte Ihren Lebenslauf und ein Anschreiben,<span style=\"color: var( --e-global-color-text ); font-family: var( --e-global-typography-text-font-family ), Sans-serif;\">\u00a0<br \/>in dem Sie Ihre Motivation und Ihre Pr\u00e4ferenzen f\u00fcr eine Abteilung angeben, an<br \/><\/span><\/p><p style=\"text-align: center;\"><span style=\"color: var( --e-global-color-text ); font-family: var( --e-global-typography-text-font-family ), Sans-serif;\"> <strong><a class=\"OYPEnA text-decoration-none text-strikethrough-none\" draggable=\"false\" href=\"mailto:karriere-biebesheim@kunertwellpappe.de\" target=\"_blank\" rel=\"noopener\">karriere-biebesheim@kunertwellpappe.de<\/a><br \/>(Biebesheim)<br \/><\/strong><\/span><\/p><p style=\"text-align: center;\"><span style=\"color: var( --e-global-color-text ); font-family: var( --e-global-typography-text-font-family ), Sans-serif;\"><strong>oder an<br \/><\/strong><\/span><\/p><div style=\"text-align: center;\"><strong><a href=\"mailto:karriere-badneustadt@kunertwellpappe.de\">karriere-badneustadt@kunertwellpappe.de<\/a><\/strong><\/div><p style=\"text-align: center;\"><span style=\"color: var( --e-global-color-text ); font-family: var( --e-global-typography-text-font-family ), Sans-serif;\"><strong>(Bad Neustadt)<\/strong><\/span><\/p>\t\t\t\t\t\t\t\t<\/div>\n\t\t\t\t<\/div>\n\t\t\t\t\t<\/div>\n\t\t<\/div>\n\t\t\t\t\t<\/div>\n\t\t<\/section>\n\t\t\t\t<section class=\"elementor-section elementor-top-section elementor-element elementor-element-0949a2b elementor-section-boxed elementor-section-height-default elementor-section-height-default\" data-id=\"0949a2b\" data-element_type=\"section\" data-e-type=\"section\" data-settings=\"{&quot;jet_parallax_layout_list&quot;:[]}\">\n\t\t\t\t\t\t<div class=\"elementor-container elementor-column-gap-default\">\n\t\t\t\t\t<div class=\"elementor-column elementor-col-50 elementor-top-column elementor-element elementor-element-3965123\" data-id=\"3965123\" data-element_type=\"column\" data-e-type=\"column\">\n\t\t\t<div class=\"elementor-widget-wrap\">\n\t\t\t\t\t\t\t<\/div>\n\t\t<\/div>\n\t\t\t\t<div class=\"elementor-column elementor-col-50 elementor-top-column elementor-element elementor-element-9ad4d56\" data-id=\"9ad4d56\" data-element_type=\"column\" data-e-type=\"column\">\n\t\t\t<div class=\"elementor-widget-wrap\">\n\t\t\t\t\t\t\t<\/div>\n\t\t<\/div>\n\t\t\t\t\t<\/div>\n\t\t<\/section>\n\t\t\t\t<\/div>\n\t\t","protected":false},"excerpt":{"rendered":"<p>Praktikum und Abschlussarbeiten \u201eFinde deinen Platz in unserem Team: Wir suchen Talente!&#8220; Praktikum Bei Kunert Wellpappe! Wir bieten aufregende Praktikumschancen f\u00fcr Sch\u00fcler, Schulabg\u00e4nger, Studenten und Quereinsteiger in verschiedenen Abteilungen, um talentierte und motivierte Praktikanten in unser Team aufzunehmen. Unser Praktikumsprogramm erm\u00f6glicht es Ihnen, wertvolle Erfahrungen zu sammeln, praktische F\u00e4higkeiten zu entwickeln und einen Einblick in &#8230; <a title=\"Praktikum und Abschlussarbeiten\" class=\"read-more\" href=\"https:\/\/www.kunertwellpappe.de\/de\/praktikum-und-abschlussarbeiten\/\" aria-label=\"Mehr Informationen \u00fcber Praktikum und Abschlussarbeiten\">Weiterlesen<\/a><\/p>\n","protected":false},"author":3,"featured_media":0,"parent":0,"menu_order":0,"comment_status":"closed","ping_status":"closed","template":"elementor_header_footer","meta":{"_jf_save_progress":"","footnotes":""},"class_list":["post-5404","page","type-page","status-publish"],"_links":{"self":[{"href":"https:\/\/www.kunertwellpappe.de\/de\/wp-json\/wp\/v2\/pages\/5404","targetHints":{"allow":["GET"]}}],"collection":[{"href":"https:\/\/www.kunertwellpappe.de\/de\/wp-json\/wp\/v2\/pages"}],"about":[{"href":"https:\/\/www.kunertwellpappe.de\/de\/wp-json\/wp\/v2\/types\/page"}],"author":[{"embeddable":true,"href":"https:\/\/www.kunertwellpappe.de\/de\/wp-json\/wp\/v2\/users\/3"}],"replies":[{"embeddable":true,"href":"https:\/\/www.kunertwellpappe.de\/de\/wp-json\/wp\/v2\/comments?post=5404"}],"version-history":[{"count":31,"href":"https:\/\/www.kunertwellpappe.de\/de\/wp-json\/wp\/v2\/pages\/5404\/revisions"}],"predecessor-version":[{"id":6310,"href":"https:\/\/www.kunertwellpappe.de\/de\/wp-json\/wp\/v2\/pages\/5404\/revisions\/6310"}],"wp:attachment":[{"href":"https:\/\/www.kunertwellpappe.de\/de\/wp-json\/wp\/v2\/media?parent=5404"}],"curies":[{"name":"wp","href":"https:\/\/api.w.org\/{rel}","templated":true}]}}