{"id":4419,"date":"2022-12-12T12:36:25","date_gmt":"2022-12-12T11:36:25","guid":{"rendered":"https:\/\/www.kunertwellpappe.de\/de\/?page_id=4419"},"modified":"2022-12-12T12:47:36","modified_gmt":"2022-12-12T11:47:36","slug":"flaschenversand","status":"publish","type":"page","link":"https:\/\/www.kunertwellpappe.de\/de\/flaschenversand\/","title":{"rendered":"FLASCHENVERSAND"},"content":{"rendered":"\t\t<div data-elementor-type=\"wp-page\" data-elementor-id=\"4419\" class=\"elementor elementor-4419\" data-elementor-settings=\"{&quot;element_pack_global_tooltip_width&quot;:{&quot;unit&quot;:&quot;px&quot;,&quot;size&quot;:&quot;&quot;,&quot;sizes&quot;:[]},&quot;element_pack_global_tooltip_width_tablet&quot;:{&quot;unit&quot;:&quot;px&quot;,&quot;size&quot;:&quot;&quot;,&quot;sizes&quot;:[]},&quot;element_pack_global_tooltip_width_mobile&quot;:{&quot;unit&quot;:&quot;px&quot;,&quot;size&quot;:&quot;&quot;,&quot;sizes&quot;:[]},&quot;element_pack_global_tooltip_padding&quot;:{&quot;unit&quot;:&quot;px&quot;,&quot;top&quot;:&quot;&quot;,&quot;right&quot;:&quot;&quot;,&quot;bottom&quot;:&quot;&quot;,&quot;left&quot;:&quot;&quot;,&quot;isLinked&quot;:true},&quot;element_pack_global_tooltip_padding_tablet&quot;:{&quot;unit&quot;:&quot;px&quot;,&quot;top&quot;:&quot;&quot;,&quot;right&quot;:&quot;&quot;,&quot;bottom&quot;:&quot;&quot;,&quot;left&quot;:&quot;&quot;,&quot;isLinked&quot;:true},&quot;element_pack_global_tooltip_padding_mobile&quot;:{&quot;unit&quot;:&quot;px&quot;,&quot;top&quot;:&quot;&quot;,&quot;right&quot;:&quot;&quot;,&quot;bottom&quot;:&quot;&quot;,&quot;left&quot;:&quot;&quot;,&quot;isLinked&quot;:true},&quot;element_pack_global_tooltip_border_radius&quot;:{&quot;unit&quot;:&quot;px&quot;,&quot;top&quot;:&quot;&quot;,&quot;right&quot;:&quot;&quot;,&quot;bottom&quot;:&quot;&quot;,&quot;left&quot;:&quot;&quot;,&quot;isLinked&quot;:true},&quot;element_pack_global_tooltip_border_radius_tablet&quot;:{&quot;unit&quot;:&quot;px&quot;,&quot;top&quot;:&quot;&quot;,&quot;right&quot;:&quot;&quot;,&quot;bottom&quot;:&quot;&quot;,&quot;left&quot;:&quot;&quot;,&quot;isLinked&quot;:true},&quot;element_pack_global_tooltip_border_radius_mobile&quot;:{&quot;unit&quot;:&quot;px&quot;,&quot;top&quot;:&quot;&quot;,&quot;right&quot;:&quot;&quot;,&quot;bottom&quot;:&quot;&quot;,&quot;left&quot;:&quot;&quot;,&quot;isLinked&quot;:true}}\" data-elementor-post-type=\"page\">\n\t\t\t\t\t\t<section class=\"elementor-section elementor-top-section elementor-element elementor-element-3a06471 elementor-section-full_width elementor-section-height-min-height elementor-section-stretched elementor-section-height-default elementor-section-items-middle\" data-id=\"3a06471\" data-element_type=\"section\" data-e-type=\"section\" data-settings=\"{&quot;stretch_section&quot;:&quot;section-stretched&quot;,&quot;background_background&quot;:&quot;classic&quot;,&quot;jet_parallax_layout_list&quot;:[]}\">\n\t\t\t\t\t\t<div class=\"elementor-container elementor-column-gap-default\">\n\t\t\t\t\t<div class=\"elementor-column elementor-col-100 elementor-top-column elementor-element elementor-element-3aec7ea\" data-id=\"3aec7ea\" data-element_type=\"column\" data-e-type=\"column\">\n\t\t\t<div class=\"elementor-widget-wrap\">\n\t\t\t\t\t\t\t<\/div>\n\t\t<\/div>\n\t\t\t\t\t<\/div>\n\t\t<\/section>\n\t\t\t\t<section class=\"elementor-section elementor-top-section elementor-element elementor-element-baa9aa0 elementor-section-boxed elementor-section-height-default elementor-section-height-default\" data-id=\"baa9aa0\" data-element_type=\"section\" data-e-type=\"section\" data-settings=\"{&quot;jet_parallax_layout_list&quot;:[]}\">\n\t\t\t\t\t\t<div class=\"elementor-container elementor-column-gap-default\">\n\t\t\t\t\t<div class=\"elementor-column elementor-col-100 elementor-top-column elementor-element elementor-element-0de2eb9\" data-id=\"0de2eb9\" data-element_type=\"column\" data-e-type=\"column\">\n\t\t\t<div class=\"elementor-widget-wrap elementor-element-populated\">\n\t\t\t\t\t\t<div class=\"elementor-element elementor-element-b0024c6 elementor-widget elementor-widget-heading\" data-id=\"b0024c6\" data-element_type=\"widget\" data-e-type=\"widget\" data-widget_type=\"heading.default\">\n\t\t\t\t<div class=\"elementor-widget-container\">\n\t\t\t\t\t<h2 class=\"elementor-heading-title elementor-size-default\">KuVINO<\/h2>\t\t\t\t<\/div>\n\t\t\t\t<\/div>\n\t\t\t\t<div class=\"elementor-element elementor-element-80bad19 elementor-widget elementor-widget-heading\" data-id=\"80bad19\" data-element_type=\"widget\" data-e-type=\"widget\" data-widget_type=\"heading.default\">\n\t\t\t\t<div class=\"elementor-widget-container\">\n\t\t\t\t\t<h1 class=\"elementor-heading-title elementor-size-default\">Flaschenversand leicht gemacht<\/h1>\t\t\t\t<\/div>\n\t\t\t\t<\/div>\n\t\t\t\t\t<\/div>\n\t\t<\/div>\n\t\t\t\t\t<\/div>\n\t\t<\/section>\n\t\t\t\t<section class=\"elementor-section elementor-top-section elementor-element elementor-element-55a6bf9 elementor-section-boxed elementor-section-height-default elementor-section-height-default\" data-id=\"55a6bf9\" data-element_type=\"section\" data-e-type=\"section\" data-settings=\"{&quot;jet_parallax_layout_list&quot;:[]}\">\n\t\t\t\t\t\t<div class=\"elementor-container elementor-column-gap-default\">\n\t\t\t\t\t<div class=\"elementor-column elementor-col-50 elementor-top-column elementor-element elementor-element-16f70f7\" data-id=\"16f70f7\" data-element_type=\"column\" data-e-type=\"column\">\n\t\t\t<div class=\"elementor-widget-wrap elementor-element-populated\">\n\t\t\t\t\t\t<div class=\"elementor-element elementor-element-e130289 elementor-widget elementor-widget-text-editor\" data-id=\"e130289\" data-element_type=\"widget\" data-e-type=\"widget\" data-widget_type=\"text-editor.default\">\n\t\t\t\t<div class=\"elementor-widget-container\">\n\t\t\t\t\t\t\t\t\t<p>Fachkreise sprechen von der Digitalisierung des Getr\u00e4nkehandels. Wer als H\u00e4ndler von dem Online- und Versandgesch\u00e4ft profitieren will, tut gut daran, seine fl\u00fcssigen Kostbarkeiten sicher zu verpacken. Sicher bedeutet dabei nicht nur gut gesch\u00fctzt, sondern auch: PTZ-zertififziert.\u00a0<\/p><p>Denn\u00a0werden Flaschen in PTZ-zertifizierter Verpackung w\u00e4hrend des Transports besch\u00e4digt, erstattet der Paketdienstleister den Wert entsprechend der Transportversicherung zur\u00fcck. Eine zus\u00e4tzliche Versicherung ist nicht n\u00f6tig.\u00a0Um Ihnen diese wirtschaftliche Sicherheit bieten zu k\u00f6nnen, haben wir KuVino entwickelt und vom Posttechnischen Zentralamt (PTZ) pr\u00fcfen und zertifizieren lassen.<br \/><br \/><strong>Die Vorteile der Kunert Wellpappen Innovation:<\/strong><\/p><div>1. KuVino sch\u00fctzt ihre Versandware und bietet Versicherungsschutz.<\/div><div>2. KuVino ist nachhaltig, denn die Mono- verpackung ist 100 % recyclingf\u00e4hig.<\/div><div>3. KuVino ist individuell bedruckbar. Branden Sie den Flaschenversandkarton und sorgen Sie f\u00fcr ein einzigartiges, aufmerksam-keitsstarkes Markenerlebnis Ihrer Kunden.<\/div>\t\t\t\t\t\t\t\t<\/div>\n\t\t\t\t<\/div>\n\t\t\t\t\t<\/div>\n\t\t<\/div>\n\t\t\t\t<div class=\"elementor-column elementor-col-50 elementor-top-column elementor-element elementor-element-d04666c\" data-id=\"d04666c\" data-element_type=\"column\" data-e-type=\"column\">\n\t\t\t<div class=\"elementor-widget-wrap elementor-element-populated\">\n\t\t\t\t\t\t<div class=\"elementor-element elementor-element-e392532 elementor-widget elementor-widget-image\" data-id=\"e392532\" data-element_type=\"widget\" data-e-type=\"widget\" data-widget_type=\"image.default\">\n\t\t\t\t<div class=\"elementor-widget-container\">\n\t\t\t\t\t\t\t\t\t\t\t\t\t\t\t<img fetchpriority=\"high\" decoding=\"async\" width=\"768\" height=\"1086\" src=\"https:\/\/www.kunertwellpappe.de\/de\/wp-content\/uploads\/2022\/12\/220922_KUN_Flyer_KuVino_A4_M_Seite_1-768x1086.jpg\" class=\"attachment-medium_large size-medium_large wp-image-4403\" alt=\"\" srcset=\"https:\/\/www.kunertwellpappe.de\/de\/wp-content\/uploads\/2022\/12\/220922_KUN_Flyer_KuVino_A4_M_Seite_1-768x1086.jpg 768w, https:\/\/www.kunertwellpappe.de\/de\/wp-content\/uploads\/2022\/12\/220922_KUN_Flyer_KuVino_A4_M_Seite_1-212x300.jpg 212w, https:\/\/www.kunertwellpappe.de\/de\/wp-content\/uploads\/2022\/12\/220922_KUN_Flyer_KuVino_A4_M_Seite_1-724x1024.jpg 724w, https:\/\/www.kunertwellpappe.de\/de\/wp-content\/uploads\/2022\/12\/220922_KUN_Flyer_KuVino_A4_M_Seite_1-1086x1536.jpg 1086w, https:\/\/www.kunertwellpappe.de\/de\/wp-content\/uploads\/2022\/12\/220922_KUN_Flyer_KuVino_A4_M_Seite_1-1448x2048.jpg 1448w, https:\/\/www.kunertwellpappe.de\/de\/wp-content\/uploads\/2022\/12\/220922_KUN_Flyer_KuVino_A4_M_Seite_1.jpg 1654w\" sizes=\"(max-width: 768px) 100vw, 768px\" \/>\t\t\t\t\t\t\t\t\t\t\t\t\t\t\t<\/div>\n\t\t\t\t<\/div>\n\t\t\t\t\t<\/div>\n\t\t<\/div>\n\t\t\t\t\t<\/div>\n\t\t<\/section>\n\t\t\t\t<section class=\"elementor-section elementor-top-section elementor-element elementor-element-3dc8ac9 elementor-section-boxed elementor-section-height-default elementor-section-height-default\" data-id=\"3dc8ac9\" data-element_type=\"section\" data-e-type=\"section\" data-settings=\"{&quot;jet_parallax_layout_list&quot;:[]}\">\n\t\t\t\t\t\t<div class=\"elementor-container elementor-column-gap-default\">\n\t\t\t\t\t<div class=\"elementor-column elementor-col-100 elementor-top-column elementor-element elementor-element-e13de0c\" data-id=\"e13de0c\" data-element_type=\"column\" data-e-type=\"column\">\n\t\t\t<div class=\"elementor-widget-wrap\">\n\t\t\t\t\t\t\t<\/div>\n\t\t<\/div>\n\t\t\t\t\t<\/div>\n\t\t<\/section>\n\t\t\t\t<\/div>\n\t\t","protected":false},"excerpt":{"rendered":"<p>KuVINO Flaschenversand leicht gemacht Fachkreise sprechen von der Digitalisierung des Getr\u00e4nkehandels. Wer als H\u00e4ndler von dem Online- und Versandgesch\u00e4ft profitieren will, tut gut daran, seine fl\u00fcssigen Kostbarkeiten sicher zu verpacken. Sicher bedeutet dabei nicht nur gut gesch\u00fctzt, sondern auch: PTZ-zertififziert.\u00a0 Denn\u00a0werden Flaschen in PTZ-zertifizierter Verpackung w\u00e4hrend des Transports besch\u00e4digt, erstattet der Paketdienstleister den Wert entsprechend &#8230; <a title=\"FLASCHENVERSAND\" class=\"read-more\" href=\"https:\/\/www.kunertwellpappe.de\/de\/flaschenversand\/\" aria-label=\"Mehr Informationen \u00fcber FLASCHENVERSAND\">Weiterlesen<\/a><\/p>\n","protected":false},"author":3,"featured_media":0,"parent":0,"menu_order":0,"comment_status":"closed","ping_status":"closed","template":"elementor_header_footer","meta":{"_jf_save_progress":"","footnotes":""},"class_list":["post-4419","page","type-page","status-publish"],"_links":{"self":[{"href":"https:\/\/www.kunertwellpappe.de\/de\/wp-json\/wp\/v2\/pages\/4419","targetHints":{"allow":["GET"]}}],"collection":[{"href":"https:\/\/www.kunertwellpappe.de\/de\/wp-json\/wp\/v2\/pages"}],"about":[{"href":"https:\/\/www.kunertwellpappe.de\/de\/wp-json\/wp\/v2\/types\/page"}],"author":[{"embeddable":true,"href":"https:\/\/www.kunertwellpappe.de\/de\/wp-json\/wp\/v2\/users\/3"}],"replies":[{"embeddable":true,"href":"https:\/\/www.kunertwellpappe.de\/de\/wp-json\/wp\/v2\/comments?post=4419"}],"version-history":[{"count":8,"href":"https:\/\/www.kunertwellpappe.de\/de\/wp-json\/wp\/v2\/pages\/4419\/revisions"}],"predecessor-version":[{"id":4428,"href":"https:\/\/www.kunertwellpappe.de\/de\/wp-json\/wp\/v2\/pages\/4419\/revisions\/4428"}],"wp:attachment":[{"href":"https:\/\/www.kunertwellpappe.de\/de\/wp-json\/wp\/v2\/media?parent=4419"}],"curies":[{"name":"wp","href":"https:\/\/api.w.org\/{rel}","templated":true}]}}