{"id":2577,"date":"2020-12-01T22:07:53","date_gmt":"2020-12-01T21:07:53","guid":{"rendered":"https:\/\/www.kunertwellpappe.de\/de\/?page_id=2577"},"modified":"2021-06-06T12:33:59","modified_gmt":"2021-06-06T10:33:59","slug":"wareneingangs-und-verpackungspruefung","status":"publish","type":"page","link":"https:\/\/www.kunertwellpappe.de\/de\/wareneingangs-und-verpackungspruefung\/","title":{"rendered":"Wareneingangs- und Verpackungspr\u00fcfung"},"content":{"rendered":"\t\t<div data-elementor-type=\"wp-page\" data-elementor-id=\"2577\" class=\"elementor elementor-2577\" data-elementor-settings=\"{&quot;element_pack_global_tooltip_width&quot;:{&quot;unit&quot;:&quot;px&quot;,&quot;size&quot;:&quot;&quot;,&quot;sizes&quot;:[]},&quot;element_pack_global_tooltip_width_tablet&quot;:{&quot;unit&quot;:&quot;px&quot;,&quot;size&quot;:&quot;&quot;,&quot;sizes&quot;:[]},&quot;element_pack_global_tooltip_width_mobile&quot;:{&quot;unit&quot;:&quot;px&quot;,&quot;size&quot;:&quot;&quot;,&quot;sizes&quot;:[]},&quot;element_pack_global_tooltip_padding&quot;:{&quot;unit&quot;:&quot;px&quot;,&quot;top&quot;:&quot;&quot;,&quot;right&quot;:&quot;&quot;,&quot;bottom&quot;:&quot;&quot;,&quot;left&quot;:&quot;&quot;,&quot;isLinked&quot;:true},&quot;element_pack_global_tooltip_padding_tablet&quot;:{&quot;unit&quot;:&quot;px&quot;,&quot;top&quot;:&quot;&quot;,&quot;right&quot;:&quot;&quot;,&quot;bottom&quot;:&quot;&quot;,&quot;left&quot;:&quot;&quot;,&quot;isLinked&quot;:true},&quot;element_pack_global_tooltip_padding_mobile&quot;:{&quot;unit&quot;:&quot;px&quot;,&quot;top&quot;:&quot;&quot;,&quot;right&quot;:&quot;&quot;,&quot;bottom&quot;:&quot;&quot;,&quot;left&quot;:&quot;&quot;,&quot;isLinked&quot;:true},&quot;element_pack_global_tooltip_border_radius&quot;:{&quot;unit&quot;:&quot;px&quot;,&quot;top&quot;:&quot;&quot;,&quot;right&quot;:&quot;&quot;,&quot;bottom&quot;:&quot;&quot;,&quot;left&quot;:&quot;&quot;,&quot;isLinked&quot;:true},&quot;element_pack_global_tooltip_border_radius_tablet&quot;:{&quot;unit&quot;:&quot;px&quot;,&quot;top&quot;:&quot;&quot;,&quot;right&quot;:&quot;&quot;,&quot;bottom&quot;:&quot;&quot;,&quot;left&quot;:&quot;&quot;,&quot;isLinked&quot;:true},&quot;element_pack_global_tooltip_border_radius_mobile&quot;:{&quot;unit&quot;:&quot;px&quot;,&quot;top&quot;:&quot;&quot;,&quot;right&quot;:&quot;&quot;,&quot;bottom&quot;:&quot;&quot;,&quot;left&quot;:&quot;&quot;,&quot;isLinked&quot;:true}}\" data-elementor-post-type=\"page\">\n\t\t\t\t\t\t<section class=\"elementor-section elementor-top-section elementor-element elementor-element-1e12363 elementor-section-full_width elementor-section-height-min-height elementor-section-stretched elementor-section-height-default elementor-section-items-middle\" data-id=\"1e12363\" data-element_type=\"section\" data-e-type=\"section\" data-settings=\"{&quot;stretch_section&quot;:&quot;section-stretched&quot;,&quot;background_background&quot;:&quot;classic&quot;,&quot;jet_parallax_layout_list&quot;:[]}\">\n\t\t\t\t\t\t<div class=\"elementor-container elementor-column-gap-default\">\n\t\t\t\t\t<div class=\"elementor-column elementor-col-100 elementor-top-column elementor-element elementor-element-250c86e\" data-id=\"250c86e\" data-element_type=\"column\" data-e-type=\"column\">\n\t\t\t<div class=\"elementor-widget-wrap\">\n\t\t\t\t\t\t\t<\/div>\n\t\t<\/div>\n\t\t\t\t\t<\/div>\n\t\t<\/section>\n\t\t\t\t<section class=\"elementor-section elementor-top-section elementor-element elementor-element-83c660c elementor-section-boxed elementor-section-height-default elementor-section-height-default\" data-id=\"83c660c\" data-element_type=\"section\" data-e-type=\"section\" data-settings=\"{&quot;jet_parallax_layout_list&quot;:[]}\">\n\t\t\t\t\t\t<div class=\"elementor-container elementor-column-gap-default\">\n\t\t\t\t\t<div class=\"elementor-column elementor-col-50 elementor-top-column elementor-element elementor-element-80f9b7e\" data-id=\"80f9b7e\" data-element_type=\"column\" data-e-type=\"column\">\n\t\t\t<div class=\"elementor-widget-wrap elementor-element-populated\">\n\t\t\t\t\t\t<div class=\"elementor-element elementor-element-bb94225 elementor-widget elementor-widget-heading\" data-id=\"bb94225\" data-element_type=\"widget\" data-e-type=\"widget\" data-widget_type=\"heading.default\">\n\t\t\t\t<div class=\"elementor-widget-container\">\n\t\t\t\t\t<h2 class=\"elementor-heading-title elementor-size-default\">Garantiert qualifiziert<\/h2>\t\t\t\t<\/div>\n\t\t\t\t<\/div>\n\t\t\t\t<div class=\"elementor-element elementor-element-876648d elementor-widget elementor-widget-heading\" data-id=\"876648d\" data-element_type=\"widget\" data-e-type=\"widget\" data-widget_type=\"heading.default\">\n\t\t\t\t<div class=\"elementor-widget-container\">\n\t\t\t\t\t<h1 class=\"elementor-heading-title elementor-size-default\">Wareneingangs- und Verpackungspr\u00fcfung<\/h1>\t\t\t\t<\/div>\n\t\t\t\t<\/div>\n\t\t\t\t<div class=\"elementor-element elementor-element-dd1b682 elementor-widget elementor-widget-text-editor\" data-id=\"dd1b682\" data-element_type=\"widget\" data-e-type=\"widget\" data-widget_type=\"text-editor.default\">\n\t\t\t\t<div class=\"elementor-widget-container\">\n\t\t\t\t\t\t\t\t\t<p>Verpackungen sch\u00fctzen Ihre Produkte vor dynamischen, statischen und klimatischen Einfl\u00fcssen.<br \/>F\u00fcr Packstoff \u2013 und Verpackungspr\u00fcfungen gibt es internationale Standards und Normen.<br \/>Durch Pr\u00fcfungen von Packstoffen, Packmittel und Verpackungen\u00a0 stellen wir sicher, dass die Anforderungen erf\u00fcllt und eingehalten werden.<\/p><p><strong>In unseren Kunert Wellpappe Pr\u00fcflaboren in Bad Neustadt und Biebesheim kontrollieren und pr\u00fcfen wir nach genormten Pr\u00fcfpl\u00e4nen und Spezifikationen.<\/strong><\/p><p>So erreichen wir f\u00fcr Sie und Ihre Produkte maximale Prozesssicherheit, hohe Arbeitsqualit\u00e4t, nachvollziehbare Abl\u00e4ufe und dadurch einheitlich hohe Qualit\u00e4tsstandards.<br \/>Unsere eigenen Labore sind von der BAM (Bundesanstalt f\u00fcr Materialforschung \u2013 und pr\u00fcfung) anerkannt und zugelassene Pr\u00fcfstellen, welche einem von der BAM auditierten Qualit\u00e4tssicherungsprogramm QSP unterliegen.<br \/>In systematischen Wareneingangspr\u00fcfungen, Pr\u00fcfungen der Bogenware \/ Halbfertigware und Endproduktpr\u00fcfungen \u00fcberwachen und dokumentieren wir die Qualit\u00e4tsstandards unserer Produkte.<\/p><p>Somit k\u00f6nnen Sie sich darauf verlassen, dass ihr Packgut in unseren Verpackungen qualitativ hochwertig verpackt ist und sparen sich eigenen Pr\u00fcfaufwand und Kosten.<\/p><p><strong>Auf Wunsch stellen wir Ihnen ein entsprechendes Abnahmepr\u00fcfzeugnis nach EN 10204 aus.<\/strong><\/p>\t\t\t\t\t\t\t\t<\/div>\n\t\t\t\t<\/div>\n\t\t\t\t\t<\/div>\n\t\t<\/div>\n\t\t\t\t<div class=\"elementor-column elementor-col-50 elementor-top-column elementor-element elementor-element-52a332d elementor-invisible\" data-id=\"52a332d\" data-element_type=\"column\" data-e-type=\"column\" data-settings=\"{&quot;animation&quot;:&quot;fadeInUp&quot;}\">\n\t\t\t<div class=\"elementor-widget-wrap elementor-element-populated\">\n\t\t\t\t\t\t<div class=\"elementor-element elementor-element-cc9faed elementor-widget elementor-widget-image\" data-id=\"cc9faed\" data-element_type=\"widget\" data-e-type=\"widget\" data-widget_type=\"image.default\">\n\t\t\t\t<div class=\"elementor-widget-container\">\n\t\t\t\t\t\t\t\t\t\t\t\t\t\t\t<img fetchpriority=\"high\" decoding=\"async\" width=\"720\" height=\"1080\" src=\"https:\/\/www.kunertwellpappe.de\/de\/wp-content\/uploads\/2020\/12\/72dpi_mgo-media_4627.jpg\" class=\"attachment-medium_large size-medium_large wp-image-2568\" alt=\"\" srcset=\"https:\/\/www.kunertwellpappe.de\/de\/wp-content\/uploads\/2020\/12\/72dpi_mgo-media_4627.jpg 720w, https:\/\/www.kunertwellpappe.de\/de\/wp-content\/uploads\/2020\/12\/72dpi_mgo-media_4627-200x300.jpg 200w, https:\/\/www.kunertwellpappe.de\/de\/wp-content\/uploads\/2020\/12\/72dpi_mgo-media_4627-683x1024.jpg 683w\" sizes=\"(max-width: 720px) 100vw, 720px\" \/>\t\t\t\t\t\t\t\t\t\t\t\t\t\t\t<\/div>\n\t\t\t\t<\/div>\n\t\t\t\t<div class=\"elementor-element elementor-element-d7d8b73 elementor-widget elementor-widget-image\" data-id=\"d7d8b73\" data-element_type=\"widget\" data-e-type=\"widget\" data-widget_type=\"image.default\">\n\t\t\t\t<div class=\"elementor-widget-container\">\n\t\t\t\t\t\t\t\t\t\t\t\t\t\t\t<img decoding=\"async\" width=\"768\" height=\"512\" src=\"https:\/\/www.kunertwellpappe.de\/de\/wp-content\/uploads\/2020\/12\/72dpi_mgo-media_4614-768x512.jpg\" class=\"attachment-medium_large size-medium_large wp-image-2567\" alt=\"\" srcset=\"https:\/\/www.kunertwellpappe.de\/de\/wp-content\/uploads\/2020\/12\/72dpi_mgo-media_4614-768x512.jpg 768w, https:\/\/www.kunertwellpappe.de\/de\/wp-content\/uploads\/2020\/12\/72dpi_mgo-media_4614-300x200.jpg 300w, https:\/\/www.kunertwellpappe.de\/de\/wp-content\/uploads\/2020\/12\/72dpi_mgo-media_4614-1024x683.jpg 1024w, https:\/\/www.kunertwellpappe.de\/de\/wp-content\/uploads\/2020\/12\/72dpi_mgo-media_4614-1536x1024.jpg 1536w, https:\/\/www.kunertwellpappe.de\/de\/wp-content\/uploads\/2020\/12\/72dpi_mgo-media_4614.jpg 1620w\" sizes=\"(max-width: 768px) 100vw, 768px\" \/>\t\t\t\t\t\t\t\t\t\t\t\t\t\t\t<\/div>\n\t\t\t\t<\/div>\n\t\t\t\t<div class=\"elementor-element elementor-element-ca55dda elementor-widget elementor-widget-image\" data-id=\"ca55dda\" data-element_type=\"widget\" data-e-type=\"widget\" data-widget_type=\"image.default\">\n\t\t\t\t<div class=\"elementor-widget-container\">\n\t\t\t\t\t\t\t\t\t\t\t\t\t\t\t<img decoding=\"async\" width=\"768\" height=\"512\" src=\"https:\/\/www.kunertwellpappe.de\/de\/wp-content\/uploads\/2020\/12\/72dpi_mgo-media_4595-768x512.jpg\" class=\"attachment-medium_large size-medium_large wp-image-2561\" alt=\"\" srcset=\"https:\/\/www.kunertwellpappe.de\/de\/wp-content\/uploads\/2020\/12\/72dpi_mgo-media_4595-768x512.jpg 768w, https:\/\/www.kunertwellpappe.de\/de\/wp-content\/uploads\/2020\/12\/72dpi_mgo-media_4595-300x200.jpg 300w, https:\/\/www.kunertwellpappe.de\/de\/wp-content\/uploads\/2020\/12\/72dpi_mgo-media_4595-1024x683.jpg 1024w, https:\/\/www.kunertwellpappe.de\/de\/wp-content\/uploads\/2020\/12\/72dpi_mgo-media_4595-1536x1024.jpg 1536w, https:\/\/www.kunertwellpappe.de\/de\/wp-content\/uploads\/2020\/12\/72dpi_mgo-media_4595.jpg 1620w\" sizes=\"(max-width: 768px) 100vw, 768px\" \/>\t\t\t\t\t\t\t\t\t\t\t\t\t\t\t<\/div>\n\t\t\t\t<\/div>\n\t\t\t\t\t<\/div>\n\t\t<\/div>\n\t\t\t\t\t<\/div>\n\t\t<\/section>\n\t\t\t\t<section class=\"elementor-section elementor-top-section elementor-element elementor-element-9156b7a elementor-section-stretched elementor-section-boxed elementor-section-height-default elementor-section-height-default\" data-id=\"9156b7a\" data-element_type=\"section\" data-e-type=\"section\" data-settings=\"{&quot;stretch_section&quot;:&quot;section-stretched&quot;,&quot;background_background&quot;:&quot;classic&quot;,&quot;jet_parallax_layout_list&quot;:[]}\">\n\t\t\t\t\t\t<div class=\"elementor-container elementor-column-gap-default\">\n\t\t\t\t\t<div class=\"elementor-column elementor-col-100 elementor-top-column elementor-element elementor-element-39febc5\" data-id=\"39febc5\" data-element_type=\"column\" data-e-type=\"column\">\n\t\t\t<div class=\"elementor-widget-wrap elementor-element-populated\">\n\t\t\t\t\t\t<div class=\"elementor-element elementor-element-0dbfbb8 elementor-widget elementor-widget-heading\" data-id=\"0dbfbb8\" data-element_type=\"widget\" data-e-type=\"widget\" data-widget_type=\"heading.default\">\n\t\t\t\t<div class=\"elementor-widget-container\">\n\t\t\t\t\t<h3 class=\"elementor-heading-title elementor-size-default\">Folgende Material \u2013 und Werkstoffpr\u00fcfungen werden von uns durchgef\u00fchrt:\n<\/h3>\t\t\t\t<\/div>\n\t\t\t\t<\/div>\n\t\t\t\t\t<\/div>\n\t\t<\/div>\n\t\t\t\t\t<\/div>\n\t\t<\/section>\n\t\t\t\t<section class=\"elementor-section elementor-top-section elementor-element elementor-element-7c4ecbf elementor-section-boxed elementor-section-height-default elementor-section-height-default\" data-id=\"7c4ecbf\" data-element_type=\"section\" data-e-type=\"section\" data-settings=\"{&quot;jet_parallax_layout_list&quot;:[]}\">\n\t\t\t\t\t\t<div class=\"elementor-container elementor-column-gap-default\">\n\t\t\t\t\t<div class=\"elementor-column elementor-col-100 elementor-top-column elementor-element elementor-element-9904a69\" data-id=\"9904a69\" data-element_type=\"column\" data-e-type=\"column\">\n\t\t\t<div class=\"elementor-widget-wrap elementor-element-populated\">\n\t\t\t\t\t\t<div class=\"elementor-element elementor-element-2561912 elementor-widget elementor-widget-text-editor\" data-id=\"2561912\" data-element_type=\"widget\" data-e-type=\"widget\" data-widget_type=\"text-editor.default\">\n\t\t\t\t<div class=\"elementor-widget-container\">\n\t\t\t\t\t\t\t\t\t<ul><li>Papier und Pappe: Bestimmung der fl\u00e4chenbezogenen Masse, DIN EN ISO 536<\/li><li>Papier: Bestimmung der Berstfestigkeit DIN EN ISO 2758<\/li><li>Wellenrohpapier: Bestimmung des Flachstauchwiderstandes an laborm\u00e4\u00dfig gewelltem Wellenpapier DIN EN ISO 7263-1<\/li><li>Pr\u00fcfung von Papier und Pappe: Streifenstauchwiderstand DIN 54518<\/li><li>Papier und Pappe: Bestimmung des Wasserabsorptionsverm\u00f6gens \u2013 Cobb \u2013 Verfahren DIN EN ISO 535<\/li><li>Rupffestigkeit nach Dennison Tappi T 459<\/li><li>Wellpappe: Bestimmung der fl\u00e4chenbezogenen Ma\u00dfe der Lagen nach Trennung DIN ISO 3039<\/li><li>Pr\u00fcfung von Pappe \u2013 Durchsto\u00dfpr\u00fcfung \u2013 Teil 1: Pr\u00fcfung mit dem Pendelschlagwerk DIN 53142-1<\/li><li>Pappe: Bestimmung der Berstfestigkeit DIN EN ISO 2759<\/li><li>Papier und Pappe: Bestimmung der Berstfestigkeit nach dem Eintauchen in Wasser DIN ISO 3689<\/li><li>Wellpappe: Bestimmung des Kantenstauchwiderstandes DIN EN ISO 3037<\/li><li>Wellpappe: Bestimmung der Dicke von Wellpappe DIN ISO 3034<\/li><li>Packmittelpr\u00fcfung: Ermittlung des Stauchwiderstandes \u2013 Teil 1: Pr\u00fcfung mit konstanter Vorschubgeschwindigkeit DIN 55440<\/li><li>Verpackung \u2013 Versandfertige Packst\u00fccke \u2013 Kompressions \u2013 und Stapelpr\u00fcfung unter Verwendung einer Kompressionspr\u00fcfmaschine DIN EN ISO 12048<\/li><li>Pr\u00fcfung von Pappe: Bestimmung der Wasserbest\u00e4ndigkeit der Verklebung von Wellpappe DIN 53133<\/li><li>Wellpappe: Bestimmung des Flachstauchwiderstandes DIN EN ISO 3035<\/li><li>Verpackung: Versandfertige Packst\u00fccke; Vertikale Sto\u00dfpr\u00fcfung (freier Fall) DIN EN 22248<\/li><li>Verpackung: Versandfertige Packst\u00fccke und Ladeeinheiten \u2013 Klimatische Vorbehandlung f\u00fcr die Pr\u00fcfung DIN EN ISO 2233<\/li><li>Pr\u00fcfung von Papier und Pappe \u2013 Bestimmung der Luftdurchl\u00e4ssigkeit \u2013 Teil 1: Mittlere Luftdurchl\u00e4ssigkeit nach Bendtsen DIN 53120-1<\/li><\/ul>\t\t\t\t\t\t\t\t<\/div>\n\t\t\t\t<\/div>\n\t\t\t\t\t<\/div>\n\t\t<\/div>\n\t\t\t\t\t<\/div>\n\t\t<\/section>\n\t\t\t\t<section class=\"elementor-section elementor-top-section elementor-element elementor-element-12c5600 elementor-section-boxed elementor-section-height-default elementor-section-height-default\" data-id=\"12c5600\" data-element_type=\"section\" data-e-type=\"section\" data-settings=\"{&quot;jet_parallax_layout_list&quot;:[]}\">\n\t\t\t\t\t\t<div class=\"elementor-container elementor-column-gap-default\">\n\t\t\t\t\t<div class=\"elementor-column elementor-col-100 elementor-top-column elementor-element elementor-element-3ee0994\" data-id=\"3ee0994\" data-element_type=\"column\" data-e-type=\"column\">\n\t\t\t<div class=\"elementor-widget-wrap elementor-element-populated\">\n\t\t\t\t\t\t<div class=\"elementor-element elementor-element-316ec8b elementor-widget elementor-widget-text-editor\" data-id=\"316ec8b\" data-element_type=\"widget\" data-e-type=\"widget\" data-widget_type=\"text-editor.default\">\n\t\t\t\t<div class=\"elementor-widget-container\">\n\t\t\t\t\t\t\t\t\t<div class=\"_3d-flip-book  fb3d-fullscreen-mode full-size\" data-id=\"2582\" data-mode=\"fullscreen\" data-title=\"false\" data-template=\"short-white-book-view\" data-lightbox=\"dark-shadow\" data-urlparam=\"fb3d-page\" data-page-n=\"0\" data-pdf=\"\" data-tax=\"null\" data-thumbnail=\"\" data-cols=\"3\" data-book-template=\"default\" data-trigger=\"\"><\/div><script type=\"text\/javascript\">window.FB3D_CLIENT_DATA = window.FB3D_CLIENT_DATA || [];FB3D_CLIENT_DATA.push('eyJwb3N0cyI6eyIyNTgyIjp7IklEIjoyNTgyLCJ0aXRsZSI6IlZEVyBQclx1MDBmY2ZrYXRhbG9nIiwidHlwZSI6InBkZiIsInJlYWR5X2Z1bmN0aW9uIjoiIiwiYm9va19zdHlsZSI6ImZsYXQiLCJib29rX3RlbXBsYXRlIjoibm9uZSIsIm91dGxpbmUiOltdLCJkYXRhIjp7InBvc3RfSUQiOiIyODk3IiwiZ3VpZCI6Imh0dHBzOlwvXC93d3cua3VuZXJ0d2VsbHBhcHBlLmRlXC9kZVwvd3AtY29udGVudFwvdXBsb2Fkc1wvMjAyMFwvMTJcL3Zkd19wcnVlZmthdGFsb2dfMjAyMV8xXzEucGRmIiwicGRmX3BhZ2VzIjoiMTYiLCJwYWdlc19jdXN0b21pemF0aW9uIjoibm9uZSJ9LCJ0aHVtYm5haWwiOnsiZGF0YSI6eyJwb3N0X0lEIjoiMCJ9LCJ0eXBlIjoiYXV0byJ9LCJwcm9wcyI6eyJjYWNoZWRQYWdlcyI6ImF1dG8iLCJyZW5kZXJJbmFjdGl2ZVBhZ2VzIjoiYXV0byIsInJlbmRlckluYWN0aXZlUGFnZXNPbk1vYmlsZSI6ImF1dG8iLCJyZW5kZXJXaGlsZUZsaXBwaW5nIjoiYXV0byIsInByZWxvYWRQYWdlcyI6ImF1dG8iLCJydGwiOiJhdXRvIiwic2hlZXQiOnsic3RhcnRWZWxvY2l0eSI6ImF1dG8iLCJ3YXZlIjoiYXV0byIsIndpZHRoVGV4ZWxzIjoiYXV0byIsImNvbG9yIjoiYXV0byIsInNpZGUiOiJhdXRvIiwiY29ybmVyRGV2aWF0aW9uIjoiYXV0byIsImZsZXhpYmlsaXR5IjoiYXV0byIsImZsZXhpYmxlQ29ybmVyIjoiYXV0byIsImJlbmRpbmciOiJhdXRvIiwiaGVpZ2h0VGV4ZWxzIjoiYXV0byJ9LCJjb3ZlciI6eyJ3YXZlIjoiYXV0byIsImNvbG9yIjoiYXV0byIsImJpbmRlclRleHR1cmUiOiJhdXRvIiwiZGVwdGgiOiJhdXRvIiwicGFkZGluZyI6ImF1dG8iLCJzdGFydFZlbG9jaXR5IjoiYXV0byIsImZsZXhpYmlsaXR5IjoiYXV0byIsImZsZXhpYmxlQ29ybmVyIjoiYXV0byIsImJlbmRpbmciOiJhdXRvIiwid2lkdGhUZXhlbHMiOiJhdXRvIiwiaGVpZ2h0VGV4ZWxzIjoiYXV0byIsIm1hc3MiOiJhdXRvIiwic2lkZSI6ImF1dG8ifSwicGFnZSI6eyJ3YXZlIjoiYXV0byIsImNvbG9yIjoiYXV0byIsImRlcHRoIjoiYXV0byIsInN0YXJ0VmVsb2NpdHkiOiJhdXRvIiwiZmxleGliaWxpdHkiOiJhdXRvIiwiZmxleGlibGVDb3JuZXIiOiJhdXRvIiwiYmVuZGluZyI6ImF1dG8iLCJ3aWR0aFRleGVscyI6ImF1dG8iLCJoZWlnaHRUZXhlbHMiOiJhdXRvIiwibWFzcyI6ImF1dG8iLCJzaWRlIjoiYXV0byJ9LCJoZWlnaHQiOiJhdXRvIiwid2lkdGgiOiJhdXRvIiwiZ3Jhdml0eSI6ImF1dG8iLCJwYWdlc0ZvclByZWRpY3RpbmciOiJhdXRvIn0sImNvbnRyb2xQcm9wcyI6eyJhY3Rpb25zIjp7ImNtZFNhdmUiOnsiZW5hYmxlZCI6ImF1dG8iLCJlbmFibGVkSW5OYXJyb3ciOiJhdXRvIn0sImNtZFByaW50Ijp7ImVuYWJsZWQiOiJhdXRvIiwiZW5hYmxlZEluTmFycm93IjoiYXV0byJ9LCJjbWRTaW5nbGVQYWdlIjp7ImVuYWJsZWQiOiJhdXRvIiwiZW5hYmxlZEluTmFycm93IjoiYXV0byIsImFjdGl2ZSI6ImF1dG8ifX19LCJhdXRvVGh1bWJuYWlsIjoiaHR0cHM6XC9cL3d3dy5rdW5lcnR3ZWxscGFwcGUuZGVcL2RlXC93cC1jb250ZW50XC91cGxvYWRzXC8zZC1mbGlwLWJvb2tcL2F1dG8tdGh1bWJuYWlsc1wvMjU4Mi5wbmciLCJwb3N0X25hbWUiOiJ2ZHctcHJ1ZWZrYXRhbG9nIiwicG9zdF90eXBlIjoiM2QtZmxpcC1ib29rIn19LCJwYWdlcyI6W10sImZpcnN0UGFnZXMiOltdfQ==');window.FB3D_CLIENT_LOCALE && FB3D_CLIENT_LOCALE.render && FB3D_CLIENT_LOCALE.render();<\/script>\t\t\t\t\t\t\t\t<\/div>\n\t\t\t\t<\/div>\n\t\t\t\t\t<\/div>\n\t\t<\/div>\n\t\t\t\t\t<\/div>\n\t\t<\/section>\n\t\t\t\t<\/div>\n\t\t","protected":false},"excerpt":{"rendered":"<p>Garantiert qualifiziert Wareneingangs- und Verpackungspr\u00fcfung Verpackungen sch\u00fctzen Ihre Produkte vor dynamischen, statischen und klimatischen Einfl\u00fcssen.F\u00fcr Packstoff \u2013 und Verpackungspr\u00fcfungen gibt es internationale Standards und Normen.Durch Pr\u00fcfungen von Packstoffen, Packmittel und Verpackungen\u00a0 stellen wir sicher, dass die Anforderungen erf\u00fcllt und eingehalten werden. In unseren Kunert Wellpappe Pr\u00fcflaboren in Bad Neustadt und Biebesheim kontrollieren und pr\u00fcfen wir &#8230; <a title=\"Wareneingangs- und Verpackungspr\u00fcfung\" class=\"read-more\" href=\"https:\/\/www.kunertwellpappe.de\/de\/wareneingangs-und-verpackungspruefung\/\" aria-label=\"Mehr Informationen \u00fcber Wareneingangs- und Verpackungspr\u00fcfung\">Weiterlesen<\/a><\/p>\n","protected":false},"author":3,"featured_media":0,"parent":0,"menu_order":0,"comment_status":"closed","ping_status":"closed","template":"elementor_header_footer","meta":{"_jf_save_progress":"","footnotes":""},"class_list":["post-2577","page","type-page","status-publish"],"_links":{"self":[{"href":"https:\/\/www.kunertwellpappe.de\/de\/wp-json\/wp\/v2\/pages\/2577","targetHints":{"allow":["GET"]}}],"collection":[{"href":"https:\/\/www.kunertwellpappe.de\/de\/wp-json\/wp\/v2\/pages"}],"about":[{"href":"https:\/\/www.kunertwellpappe.de\/de\/wp-json\/wp\/v2\/types\/page"}],"author":[{"embeddable":true,"href":"https:\/\/www.kunertwellpappe.de\/de\/wp-json\/wp\/v2\/users\/3"}],"replies":[{"embeddable":true,"href":"https:\/\/www.kunertwellpappe.de\/de\/wp-json\/wp\/v2\/comments?post=2577"}],"version-history":[{"count":13,"href":"https:\/\/www.kunertwellpappe.de\/de\/wp-json\/wp\/v2\/pages\/2577\/revisions"}],"predecessor-version":[{"id":3552,"href":"https:\/\/www.kunertwellpappe.de\/de\/wp-json\/wp\/v2\/pages\/2577\/revisions\/3552"}],"wp:attachment":[{"href":"https:\/\/www.kunertwellpappe.de\/de\/wp-json\/wp\/v2\/media?parent=2577"}],"curies":[{"name":"wp","href":"https:\/\/api.w.org\/{rel}","templated":true}]}}