{"id":1730,"date":"2020-07-26T20:55:16","date_gmt":"2020-07-26T18:55:16","guid":{"rendered":"https:\/\/www.kunertwellpappe.de\/de\/?page_id=1730"},"modified":"2025-07-04T08:40:01","modified_gmt":"2025-07-04T06:40:01","slug":"downloads","status":"publish","type":"page","link":"https:\/\/www.kunertwellpappe.de\/de\/downloads\/","title":{"rendered":"Downloads"},"content":{"rendered":"\t\t<div data-elementor-type=\"wp-page\" data-elementor-id=\"1730\" class=\"elementor elementor-1730\" data-elementor-settings=\"{&quot;element_pack_global_tooltip_width&quot;:{&quot;unit&quot;:&quot;px&quot;,&quot;size&quot;:&quot;&quot;,&quot;sizes&quot;:[]},&quot;element_pack_global_tooltip_width_tablet&quot;:{&quot;unit&quot;:&quot;px&quot;,&quot;size&quot;:&quot;&quot;,&quot;sizes&quot;:[]},&quot;element_pack_global_tooltip_width_mobile&quot;:{&quot;unit&quot;:&quot;px&quot;,&quot;size&quot;:&quot;&quot;,&quot;sizes&quot;:[]},&quot;element_pack_global_tooltip_padding&quot;:{&quot;unit&quot;:&quot;px&quot;,&quot;top&quot;:&quot;&quot;,&quot;right&quot;:&quot;&quot;,&quot;bottom&quot;:&quot;&quot;,&quot;left&quot;:&quot;&quot;,&quot;isLinked&quot;:true},&quot;element_pack_global_tooltip_padding_tablet&quot;:{&quot;unit&quot;:&quot;px&quot;,&quot;top&quot;:&quot;&quot;,&quot;right&quot;:&quot;&quot;,&quot;bottom&quot;:&quot;&quot;,&quot;left&quot;:&quot;&quot;,&quot;isLinked&quot;:true},&quot;element_pack_global_tooltip_padding_mobile&quot;:{&quot;unit&quot;:&quot;px&quot;,&quot;top&quot;:&quot;&quot;,&quot;right&quot;:&quot;&quot;,&quot;bottom&quot;:&quot;&quot;,&quot;left&quot;:&quot;&quot;,&quot;isLinked&quot;:true},&quot;element_pack_global_tooltip_border_radius&quot;:{&quot;unit&quot;:&quot;px&quot;,&quot;top&quot;:&quot;&quot;,&quot;right&quot;:&quot;&quot;,&quot;bottom&quot;:&quot;&quot;,&quot;left&quot;:&quot;&quot;,&quot;isLinked&quot;:true},&quot;element_pack_global_tooltip_border_radius_tablet&quot;:{&quot;unit&quot;:&quot;px&quot;,&quot;top&quot;:&quot;&quot;,&quot;right&quot;:&quot;&quot;,&quot;bottom&quot;:&quot;&quot;,&quot;left&quot;:&quot;&quot;,&quot;isLinked&quot;:true},&quot;element_pack_global_tooltip_border_radius_mobile&quot;:{&quot;unit&quot;:&quot;px&quot;,&quot;top&quot;:&quot;&quot;,&quot;right&quot;:&quot;&quot;,&quot;bottom&quot;:&quot;&quot;,&quot;left&quot;:&quot;&quot;,&quot;isLinked&quot;:true}}\" data-elementor-post-type=\"page\">\n\t\t\t\t\t\t<section class=\"elementor-section elementor-top-section elementor-element elementor-element-69a69af8 elementor-section-stretched elementor-section-full_width elementor-section-height-min-height elementor-section-height-default elementor-section-items-middle\" data-id=\"69a69af8\" data-element_type=\"section\" data-e-type=\"section\" data-settings=\"{&quot;stretch_section&quot;:&quot;section-stretched&quot;,&quot;background_background&quot;:&quot;slideshow&quot;,&quot;background_slideshow_gallery&quot;:[{&quot;id&quot;:2947,&quot;url&quot;:&quot;https:\\\/\\\/www.kunertwellpappe.de\\\/de\\\/wp-content\\\/uploads\\\/2021\\\/03\\\/72dpi_Kunert-Wellpappe_IMG_0120.jpg&quot;}],&quot;background_slideshow_ken_burns&quot;:&quot;yes&quot;,&quot;jet_parallax_layout_list&quot;:[],&quot;background_slideshow_loop&quot;:&quot;yes&quot;,&quot;background_slideshow_slide_duration&quot;:5000,&quot;background_slideshow_slide_transition&quot;:&quot;fade&quot;,&quot;background_slideshow_transition_duration&quot;:500,&quot;background_slideshow_ken_burns_zoom_direction&quot;:&quot;in&quot;}\">\n\t\t\t\t\t\t<div class=\"elementor-container elementor-column-gap-default\">\n\t\t\t\t\t<div class=\"elementor-column elementor-col-100 elementor-top-column elementor-element elementor-element-249467d1\" data-id=\"249467d1\" data-element_type=\"column\" data-e-type=\"column\">\n\t\t\t<div class=\"elementor-widget-wrap\">\n\t\t\t\t\t\t\t<\/div>\n\t\t<\/div>\n\t\t\t\t\t<\/div>\n\t\t<\/section>\n\t\t\t\t<section class=\"elementor-section elementor-top-section elementor-element elementor-element-4e7bb9df elementor-section-boxed elementor-section-height-default elementor-section-height-default\" data-id=\"4e7bb9df\" data-element_type=\"section\" data-e-type=\"section\" data-settings=\"{&quot;jet_parallax_layout_list&quot;:[]}\">\n\t\t\t\t\t\t<div class=\"elementor-container elementor-column-gap-default\">\n\t\t\t\t\t<div class=\"elementor-column elementor-col-100 elementor-top-column elementor-element elementor-element-234b9493\" data-id=\"234b9493\" data-element_type=\"column\" data-e-type=\"column\">\n\t\t\t<div class=\"elementor-widget-wrap elementor-element-populated\">\n\t\t\t\t\t\t<div class=\"elementor-element elementor-element-29ee7252 elementor-widget elementor-widget-heading\" data-id=\"29ee7252\" data-element_type=\"widget\" data-e-type=\"widget\" data-widget_type=\"heading.default\">\n\t\t\t\t<div class=\"elementor-widget-container\">\n\t\t\t\t\t<h1 class=\"elementor-heading-title elementor-size-default\">Downloads<\/h1>\t\t\t\t<\/div>\n\t\t\t\t<\/div>\n\t\t\t\t<div class=\"elementor-element elementor-element-652d5c12 elementor-widget elementor-widget-text-editor\" data-id=\"652d5c12\" data-element_type=\"widget\" data-e-type=\"widget\" data-widget_type=\"text-editor.default\">\n\t\t\t\t<div class=\"elementor-widget-container\">\n\t\t\t\t\t\t\t\t\t<p>Hier finden Sie Informationsmaterial zu unseren Verpackungsl\u00f6sungen aus Wellpappe und einen Auszug unserer Zertifikate.<\/p><p>Bei Fragen kontaktieren Sie uns gerne: <a href=\"mailto:info@kunertwellpappe.de\">info@kunertwellpappe.de<\/a><\/p>\t\t\t\t\t\t\t\t<\/div>\n\t\t\t\t<\/div>\n\t\t\t\t<section class=\"elementor-section elementor-inner-section elementor-element elementor-element-2fd7ee5 elementor-section-boxed elementor-section-height-default elementor-section-height-default\" data-id=\"2fd7ee5\" data-element_type=\"section\" data-e-type=\"section\" data-settings=\"{&quot;jet_parallax_layout_list&quot;:[]}\">\n\t\t\t\t\t\t<div class=\"elementor-container elementor-column-gap-default\">\n\t\t\t\t\t<div class=\"elementor-column elementor-col-50 elementor-inner-column elementor-element elementor-element-974aa91\" data-id=\"974aa91\" data-element_type=\"column\" data-e-type=\"column\">\n\t\t\t<div class=\"elementor-widget-wrap elementor-element-populated\">\n\t\t\t\t\t\t<div class=\"elementor-element elementor-element-f755bd3 elementor-widget elementor-widget-text-editor\" data-id=\"f755bd3\" data-element_type=\"widget\" data-e-type=\"widget\" data-widget_type=\"text-editor.default\">\n\t\t\t\t<div class=\"elementor-widget-container\">\n\t\t\t\t\t\t\t\t\t<div><h3><strong>Kunert Gruppe Magazin<\/strong><\/h3><p><a href=\"https:\/\/www.kunertwellpappe.de\/de\/wp-content\/uploads\/2023\/06\/220919_Look_Magazin_DE_M.pdf\" target=\"_blank\" rel=\"noopener\">Kunert Look! 2022<\/a><\/p><p>Eine gedruckte Ausgabe jetzt unter <a href=\"mailto:info@kunertwellpappe.de\">info@kunertwellpappe.de<\/a> anfordern!<\/p><p><a href=\"https:\/\/www.kunertwellpappe.de\/de\/wp-content\/uploads\/2020\/07\/Kunert_Gruppe_Magazin_2016.pdf\" target=\"_blank\" rel=\"noopener\">Kunert Kompakt 2016<\/a><br \/><a href=\"https:\/\/www.kunertwellpappe.de\/de\/wp-content\/uploads\/2020\/07\/KUNERT_Messezeitung_2015_de_final.pdf\" target=\"_blank\" rel=\"noopener\">Kunert Kompakt 2015<\/a><\/p><\/div><div><h3><strong>Unternehmensbrosch\u00fcre<\/strong><\/h3><p><a href=\"https:\/\/www.kunertwellpappe.de\/de\/wp-content\/uploads\/2020\/07\/Huelsen__Wellpappe__Papier._Know-how_in_Bestform_DE.pdf\" target=\"_blank\" rel=\"noopener\">H\u00fclsen, Wellpappe, Papier. Know-How in Bestform<\/a><\/p><\/div><div><h3><strong>Informationsbl\u00e4tter<\/strong><\/h3><div><p><strong><a href=\"https:\/\/www.kunertwellpappe.de\/de\/wp-content\/uploads\/2020\/07\/FachPack-2012_2013_-Hcohwertige-Bedruckung.pdf\">Hochwertige Bedruckung<\/a><\/strong><strong><br \/><\/strong><\/p><\/div><p><a href=\"https:\/\/www.kunertwellpappe.de\/de\/wp-content\/uploads\/2020\/07\/Unternehmensverhaltenskodex_de.pdf\" target=\"_blank\" rel=\"noopener\">hier <\/a>\u00a0k\u00f6nnen Sie unseren Unternehmenskodex herunterladen.<\/p><h3><b>Unternehmensverhaltenskodex<\/b><\/h3><p><a href=\"https:\/\/www.kunertwellpappe.de\/de\/wp-content\/uploads\/2024\/06\/Unternehmensverhaltenskodex_de.pdf\" target=\"_blank\" rel=\"noopener\">deutsch<\/a><\/p><p><a href=\"https:\/\/www.kunertwellpappe.de\/de\/wp-content\/uploads\/2024\/06\/Unternehmensverhaltenskodex_en.pdf\" target=\"_blank\" rel=\"noopener\">englisch<\/a><\/p><\/div><div><h3><strong>AGB<\/strong><\/h3><ul class=\"ce-uploads\"><li><div><a href=\"https:\/\/www.kunertwellpappe.de\/de\/wp-content\/uploads\/2025\/07\/Geschafts-Liefer-und-Zahlun-gsbedingungen-Bad-Neustadt.pdf\">Gesch\u00e4fts-, Liefer- und Zahlungsbedingungen Bad Neustadt<\/a><\/div><\/li><li><div><a href=\"https:\/\/www.kunertwellpappe.de\/de\/wp-content\/uploads\/2020\/07\/Verkauf_und_Lieferbedingungen_Biebesheim.pdf\">Verkauf und Lieferbedingungen Biebesheim<\/a><\/div><\/li><li><div><a href=\"https:\/\/www.kunertwellpappe.de\/de\/wp-content\/uploads\/2023\/05\/Allgemeine-Einkaufsbedingungen_Kunert-Wellpappe.pdf\" target=\"_blank\" rel=\"noopener\">Allgemeine Einkaufsbedingungen Bad Neustadt und Biebesheim<\/a><\/div><\/li><li><a href=\"https:\/\/www.kunertwellpappe.de\/de\/wp-content\/uploads\/2023\/05\/Verhaltenskodex-fuer-Lieferanten_Kunert-Wellpappe.pdf\">Verhaltenskodex f\u00fcr Lieferanten<\/a><\/li><\/ul><h3>\u00a0<\/h3><\/div><div>\u00a0<\/div>\t\t\t\t\t\t\t\t<\/div>\n\t\t\t\t<\/div>\n\t\t\t\t\t<\/div>\n\t\t<\/div>\n\t\t\t\t<div class=\"elementor-column elementor-col-50 elementor-inner-column elementor-element elementor-element-96498ea\" data-id=\"96498ea\" data-element_type=\"column\" data-e-type=\"column\">\n\t\t\t<div class=\"elementor-widget-wrap elementor-element-populated\">\n\t\t\t\t\t\t<div class=\"elementor-element elementor-element-92f971e elementor-widget elementor-widget-text-editor\" data-id=\"92f971e\" data-element_type=\"widget\" data-e-type=\"widget\" data-widget_type=\"text-editor.default\">\n\t\t\t\t<div class=\"elementor-widget-container\">\n\t\t\t\t\t\t\t\t\t<div id=\"c4708\" class=\"frame frame-default frame-type-text frame-layout-0\"><h3><strong style=\"font-style: inherit; color: var( --e-global-color-text );\">Unsere Zertifikate<\/strong><\/h3><\/div><div id=\"c14390\" class=\"frame frame-default frame-type-text frame-layout-0\"><p><a href=\"https:\/\/www.kunertwellpappe.de\/de\/wp-content\/uploads\/2024\/10\/Kunert-certificate-re-peat-GE.pdf\" target=\"_blank\" rel=\"noopener\">FSC-Zertifikat<\/a><\/p><p><a href=\"https:\/\/www.kunertwellpappe.de\/de\/wp-content\/uploads\/2024\/12\/ISO-9001-14001-50001-deutsch.pdf\">ISO 9001<\/a><\/p><p><a href=\"https:\/\/www.kunertwellpappe.de\/de\/wp-content\/uploads\/2024\/12\/ISO-9001-14001-50001-deutsch.pdf\">ISO 14001<\/a><\/p><p><a href=\"https:\/\/www.kunertwellpappe.de\/de\/wp-content\/uploads\/2024\/12\/ISO-9001-14001-50001-deutsch.pdf\">ISO 50001<\/a><\/p><\/div><div id=\"c4696\" class=\"frame frame-default frame-type-text frame-layout-0\"><h3><strong>Links<\/strong><\/h3><p><a class=\"external-link-new-window\" title=\"\u00d6ffnet externen Link in neuem Fenster\" href=\"http:\/\/www.wellpappe-wissen.de\/\" target=\"_blank\" rel=\"noopener\">Wellpappen-Wissen vom Verband der Wellpappen-Industrie e. V. (VDW)<\/a><\/p><p><a class=\"external-link-new-window\" title=\"Opens external link in new window\" href=\"http:\/\/www.wellpappe-wissen.de\/wissen\/wellpappe\/bauprinzip\/die-welle.html\" target=\"_blank\" rel=\"noopener\">Wellpappen-Wissen &#8211;\u00a0Die Welle (VDW)<\/a><\/p><p><a class=\"external-link-new-window\" title=\"Opens external link in new window\" href=\"http:\/\/www.wellpappe-wissen.de\/wissen\/wellpappen-verpackung\/typen-und-formen\/kodifizierung.html\" target=\"_blank\" rel=\"noopener\">Wellpappenverpackungen (VDW)<\/a><\/p><p><a class=\"external-link-new-window\" title=\"Opens external link in new window\" href=\"https:\/\/www.wellpappen-industrie.de\" target=\"_blank\" rel=\"noopener\">VDW Homepage<\/a><\/p><p><a class=\"external-link-new-window\" title=\"Opens external link in new window\" href=\"http:\/\/www.fefco.org\/\" target=\"_blank\" rel=\"noopener\">FEFCO Homepage<\/a><\/p><h3><strong>FEFCO-Katalog<\/strong><\/h3><div class=\"_3d-flip-book  fb3d-fullscreen-mode full-size\" data-id=\"2123\" data-mode=\"fullscreen\" data-title=\"false\" data-template=\"short-white-book-view\" data-lightbox=\"dark-shadow\" data-urlparam=\"fb3d-page\" data-page-n=\"0\" data-pdf=\"\" data-tax=\"null\" data-thumbnail=\"\" data-cols=\"3\" data-book-template=\"default\" data-trigger=\"\"><\/div><script type=\"text\/javascript\">window.FB3D_CLIENT_DATA = window.FB3D_CLIENT_DATA || [];FB3D_CLIENT_DATA.push('eyJwb3N0cyI6eyIyMTIzIjp7IklEIjoyMTIzLCJ0aXRsZSI6IkZFRkNPIiwidHlwZSI6InBkZiIsInJlYWR5X2Z1bmN0aW9uIjoiIiwiYm9va19zdHlsZSI6ImZsYXQiLCJib29rX3RlbXBsYXRlIjoibm9uZSIsIm91dGxpbmUiOltdLCJkYXRhIjp7InBvc3RfSUQiOiI2NzI3IiwiZ3VpZCI6Imh0dHBzOlwvXC93d3cua3VuZXJ0d2VsbHBhcHBlLmRlXC9kZVwvd3AtY29udGVudFwvdXBsb2Fkc1wvMjAyMFwvMTBcL0ZFRkNPLUNvZGVfV0VCcHJvdGVjdGVkLnBkZiIsInBkZl9wYWdlcyI6IjU0IiwicGFnZXNfY3VzdG9taXphdGlvbiI6Im5vbmUifSwidGh1bWJuYWlsIjp7ImRhdGEiOnsicG9zdF9JRCI6IjAifSwidHlwZSI6ImF1dG8ifSwicHJvcHMiOnsiaGVpZ2h0IjoiYXV0byIsIndpZHRoIjoiYXV0byIsImJhY2tncm91bmRDb2xvciI6ImF1dG8iLCJiYWNrZ3JvdW5kSW1hZ2UiOiJhdXRvIiwiYmFja2dyb3VuZFN0eWxlIjoiYXV0byIsImhpZ2hsaWdodExpbmtzIjoiYXV0byIsImxpZ2h0aW5nIjoiYXV0byIsInNpbmdsZVBhZ2VNb2RlIjoiYXV0byIsImdyYXZpdHkiOiJhdXRvIiwiY2FjaGVkUGFnZXMiOiJhdXRvIiwicmVuZGVySW5hY3RpdmVQYWdlcyI6ImF1dG8iLCJyZW5kZXJJbmFjdGl2ZVBhZ2VzT25Nb2JpbGUiOiJhdXRvIiwicmVuZGVyV2hpbGVGbGlwcGluZyI6ImF1dG8iLCJwYWdlc0ZvclByZWRpY3RpbmciOiJhdXRvIiwicHJlbG9hZFBhZ2VzIjoiYXV0byIsInJ0bCI6ImF1dG8iLCJpbnRlcmFjdGl2ZUNvcm5lcnMiOiJhdXRvIiwibWF4RGVwdGgiOiJhdXRvIiwiYXV0b1BsYXlEdXJhdGlvbiI6ImF1dG8iLCJzaGVldCI6eyJzdGFydFZlbG9jaXR5IjoiYXV0byIsImNvcm5lckRldmlhdGlvbiI6ImF1dG8iLCJmbGV4aWJpbGl0eSI6ImF1dG8iLCJmbGV4aWJsZUNvcm5lciI6ImF1dG8iLCJiZW5kaW5nIjoiYXV0byIsIndhdmUiOiJhdXRvIiwid2lkdGhUZXhlbHMiOiJhdXRvIiwiaGVpZ2h0VGV4ZWxzIjoiYXV0byIsImNvbG9yIjoiYXV0byIsInNpZGUiOiJhdXRvIiwic2hhcGUiOiJhdXRvIiwic3RyZXRjaEltYWdlcyI6ImF1dG8ifSwiY292ZXIiOnsic3RhcnRWZWxvY2l0eSI6ImF1dG8iLCJmbGV4aWJpbGl0eSI6ImF1dG8iLCJmbGV4aWJsZUNvcm5lciI6ImF1dG8iLCJiZW5kaW5nIjoiYXV0byIsIndhdmUiOiJhdXRvIiwid2lkdGhUZXhlbHMiOiJhdXRvIiwiaGVpZ2h0VGV4ZWxzIjoiYXV0byIsImNvbG9yIjoiYXV0byIsImRlcHRoIjoiYXV0byIsInBhZGRpbmciOiJhdXRvIiwiYmluZGVyVGV4dHVyZSI6ImF1dG8iLCJtYXNzIjoiYXV0byIsInNpZGUiOiJhdXRvIiwic2hhcGUiOiJhdXRvIiwic3RyZXRjaEltYWdlcyI6ImF1dG8ifSwicGFnZSI6eyJzdGFydFZlbG9jaXR5IjoiYXV0byIsImZsZXhpYmlsaXR5IjoiYXV0byIsImZsZXhpYmxlQ29ybmVyIjoiYXV0byIsImJlbmRpbmciOiJhdXRvIiwid2F2ZSI6ImF1dG8iLCJ3aWR0aFRleGVscyI6ImF1dG8iLCJoZWlnaHRUZXhlbHMiOiJhdXRvIiwiY29sb3IiOiJhdXRvIiwiZGVwdGgiOiJhdXRvIiwibWFzcyI6ImF1dG8iLCJzaWRlIjoiYXV0byIsInNoYXBlIjoiYXV0byIsInN0cmV0Y2hJbWFnZXMiOiJhdXRvIn19LCJjb250cm9sUHJvcHMiOnsiYWN0aW9ucyI6eyJjbWRUb2MiOnsiZW5hYmxlZCI6ImF1dG8iLCJlbmFibGVkSW5OYXJyb3ciOiJhdXRvIiwiYWN0aXZlIjoiYXV0byIsImRlZmF1bHRUYWIiOiJhdXRvIn0sImNtZEF1dG9QbGF5Ijp7ImVuYWJsZWQiOiJhdXRvIiwiZW5hYmxlZEluTmFycm93IjoiYXV0byIsImFjdGl2ZSI6ImF1dG8ifSwiY21kU2F2ZSI6eyJlbmFibGVkIjoiYXV0byIsImVuYWJsZWRJbk5hcnJvdyI6ImF1dG8ifSwiY21kUHJpbnQiOnsiZW5hYmxlZCI6ImF1dG8iLCJlbmFibGVkSW5OYXJyb3ciOiJhdXRvIn0sImNtZFNpbmdsZVBhZ2UiOnsiZW5hYmxlZCI6ImF1dG8iLCJlbmFibGVkSW5OYXJyb3ciOiJhdXRvIiwiYWN0aXZlIjoiYXV0byIsImFjdGl2ZUZvck1vYmlsZSI6ImF1dG8ifSwid2lkVG9vbGJhciI6eyJlbmFibGVkIjoiYXV0byIsImVuYWJsZWRJbk5hcnJvdyI6ImF1dG8ifX19LCJhdXRvVGh1bWJuYWlsIjpudWxsLCJwb3N0X25hbWUiOiJmZWZjbyIsInBvc3RfdHlwZSI6IjNkLWZsaXAtYm9vayJ9fSwicGFnZXMiOltdLCJmaXJzdFBhZ2VzIjpbXX0=');window.FB3D_CLIENT_LOCALE && FB3D_CLIENT_LOCALE.render && FB3D_CLIENT_LOCALE.render();<\/script><\/div>\t\t\t\t\t\t\t\t<\/div>\n\t\t\t\t<\/div>\n\t\t\t\t\t<\/div>\n\t\t<\/div>\n\t\t\t\t\t<\/div>\n\t\t<\/section>\n\t\t\t\t\t<\/div>\n\t\t<\/div>\n\t\t\t\t\t<\/div>\n\t\t<\/section>\n\t\t\t\t<section class=\"elementor-section elementor-top-section elementor-element elementor-element-b26b10e elementor-section-boxed elementor-section-height-default elementor-section-height-default\" data-id=\"b26b10e\" data-element_type=\"section\" data-e-type=\"section\" data-settings=\"{&quot;jet_parallax_layout_list&quot;:[]}\">\n\t\t\t\t\t\t<div class=\"elementor-container elementor-column-gap-default\">\n\t\t\t\t\t<div class=\"elementor-column elementor-col-100 elementor-top-column elementor-element elementor-element-debce4e\" data-id=\"debce4e\" data-element_type=\"column\" data-e-type=\"column\">\n\t\t\t<div class=\"elementor-widget-wrap\">\n\t\t\t\t\t\t\t<\/div>\n\t\t<\/div>\n\t\t\t\t\t<\/div>\n\t\t<\/section>\n\t\t\t\t<\/div>\n\t\t","protected":false},"excerpt":{"rendered":"<p>Downloads Hier finden Sie Informationsmaterial zu unseren Verpackungsl\u00f6sungen aus Wellpappe und einen Auszug unserer Zertifikate. Bei Fragen kontaktieren Sie uns gerne: info@kunertwellpappe.de Kunert Gruppe Magazin Kunert Look! 2022 Eine gedruckte Ausgabe jetzt unter info@kunertwellpappe.de anfordern! Kunert Kompakt 2016Kunert Kompakt 2015 Unternehmensbrosch\u00fcre H\u00fclsen, Wellpappe, Papier. Know-How in Bestform Informationsbl\u00e4tter Hochwertige Bedruckung hier \u00a0k\u00f6nnen Sie unseren Unternehmenskodex &#8230; <a title=\"Downloads\" class=\"read-more\" href=\"https:\/\/www.kunertwellpappe.de\/de\/downloads\/\" aria-label=\"Mehr Informationen \u00fcber Downloads\">Weiterlesen<\/a><\/p>\n","protected":false},"author":3,"featured_media":0,"parent":0,"menu_order":0,"comment_status":"closed","ping_status":"closed","template":"","meta":{"_jf_save_progress":"","footnotes":""},"class_list":["post-1730","page","type-page","status-publish"],"_links":{"self":[{"href":"https:\/\/www.kunertwellpappe.de\/de\/wp-json\/wp\/v2\/pages\/1730","targetHints":{"allow":["GET"]}}],"collection":[{"href":"https:\/\/www.kunertwellpappe.de\/de\/wp-json\/wp\/v2\/pages"}],"about":[{"href":"https:\/\/www.kunertwellpappe.de\/de\/wp-json\/wp\/v2\/types\/page"}],"author":[{"embeddable":true,"href":"https:\/\/www.kunertwellpappe.de\/de\/wp-json\/wp\/v2\/users\/3"}],"replies":[{"embeddable":true,"href":"https:\/\/www.kunertwellpappe.de\/de\/wp-json\/wp\/v2\/comments?post=1730"}],"version-history":[{"count":64,"href":"https:\/\/www.kunertwellpappe.de\/de\/wp-json\/wp\/v2\/pages\/1730\/revisions"}],"predecessor-version":[{"id":6726,"href":"https:\/\/www.kunertwellpappe.de\/de\/wp-json\/wp\/v2\/pages\/1730\/revisions\/6726"}],"wp:attachment":[{"href":"https:\/\/www.kunertwellpappe.de\/de\/wp-json\/wp\/v2\/media?parent=1730"}],"curies":[{"name":"wp","href":"https:\/\/api.w.org\/{rel}","templated":true}]}}